{"id":988596,"date":"2023-01-03T08:42:45","date_gmt":"2023-01-03T08:42:45","guid":{"rendered":"https:\/\/mdcbuhmann.ch\/?page_id=988596"},"modified":"2023-01-09T17:39:03","modified_gmt":"2023-01-09T17:39:03","slug":"innovation","status":"publish","type":"page","link":"https:\/\/mdcbuhmann.ch\/en\/solutions\/innovation\/","title":{"rendered":"Innovation"},"content":{"rendered":"<div data-elementor-type=\"wp-page\" data-elementor-id=\"988596\" class=\"elementor elementor-988596\">\n\t\t\t\t<div class=\"elementor-element elementor-element-8e2d70c e-flex e-con-boxed e-con e-parent\" data-id=\"8e2d70c\" data-element_type=\"container\">\n\t\t\t\t\t<div class=\"e-con-inner\">\n\t\t<div class=\"elementor-element elementor-element-02c69b7 e-flex e-con-boxed e-con e-parent\" data-id=\"02c69b7\" data-element_type=\"container\">\n\t\t\t\t\t<div class=\"e-con-inner\">\n\t\t\t\t<div class=\"elementor-element elementor-element-0fb5558 elementor-widget-divider--view-line elementor-widget elementor-widget-divider\" data-id=\"0fb5558\" data-element_type=\"widget\" data-widget_type=\"divider.default\">\n\t\t\t\t<div class=\"elementor-widget-container\">\n\t\t\t\t\t\t\t<div class=\"elementor-divider\">\n\t\t\t<span class=\"elementor-divider-separator\">\n\t\t\t\t\t\t<\/span>\n\t\t<\/div>\n\t\t\t\t\t\t<\/div>\n\t\t\t\t<\/div>\n\t\t\t\t\t<\/div>\n\t\t\t\t<\/div>\n\t\t\t\t\t<\/div>\n\t\t\t\t<\/div>\n\t\t<div class=\"elementor-element elementor-element-a8d0721 e-flex e-con-boxed e-con e-parent\" data-id=\"a8d0721\" data-element_type=\"container\" data-settings=\"{&quot;background_background&quot;:&quot;classic&quot;}\">\n\t\t\t\t\t<div class=\"e-con-inner\">\n\t\t<div class=\"elementor-element elementor-element-ac167d4 e-con-full e-flex e-con e-parent\" data-id=\"ac167d4\" data-element_type=\"container\">\n\t\t<div class=\"elementor-element elementor-element-c6e368a e-con-full e-flex e-con e-parent\" data-id=\"c6e368a\" data-element_type=\"container\">\n\t\t\t\t<div class=\"elementor-element elementor-element-eec9840 elementor-widget elementor-widget-heading\" data-id=\"eec9840\" data-element_type=\"widget\" data-widget_type=\"heading.default\">\n\t\t\t\t<div class=\"elementor-widget-container\">\n\t\t\t\t\t<h3 class=\"elementor-heading-title elementor-size-default\">Organization and execution of think tanks<\/h3>\t\t\t\t<\/div>\n\t\t\t\t<\/div>\n\t\t\t\t<div class=\"elementor-element elementor-element-4cb04e8 elementor-widget elementor-widget-text-editor\" data-id=\"4cb04e8\" data-element_type=\"widget\" data-widget_type=\"text-editor.default\">\n\t\t\t\t<div class=\"elementor-widget-container\">\n\t\t\t\t\t\t\t\t\t<h4><span style=\"color: #ffffff;\">Together with your internal experts and, if desired, with additional external experts, MDC provides support in the search for innovative solutions.<\/span><\/h4>\t\t\t\t\t\t\t\t<\/div>\n\t\t\t\t<\/div>\n\t\t\t\t<\/div>\n\t\t\t\t<\/div>\n\t\t<div class=\"elementor-element elementor-element-e8f7a67 e-flex e-con-boxed e-con e-parent\" data-id=\"e8f7a67\" data-element_type=\"container\">\n\t\t\t\t\t<div class=\"e-con-inner\">\n\t\t\t\t<div class=\"elementor-element elementor-element-7ec4e58 elementor-widget elementor-widget-image\" data-id=\"7ec4e58\" data-element_type=\"widget\" data-widget_type=\"image.default\">\n\t\t\t\t<div class=\"elementor-widget-container\">\n\t\t\t\t\t\t\t\t\t\t\t\t\t\t\t<img decoding=\"async\" width=\"150\" height=\"150\" data-src=\"https:\/\/mdcbuhmann.ch\/wp-content\/uploads\/2023\/01\/ANALYTICS-150x150.png\" class=\"attachment-thumbnail size-thumbnail wp-image-989405 lazyload\" alt=\"\" data-srcset=\"https:\/\/mdcbuhmann.ch\/wp-content\/uploads\/2023\/01\/ANALYTICS-150x150.png 150w, https:\/\/mdcbuhmann.ch\/wp-content\/uploads\/2023\/01\/ANALYTICS-300x300.png 300w, https:\/\/mdcbuhmann.ch\/wp-content\/uploads\/2023\/01\/ANALYTICS.png 512w\" data-sizes=\"(max-width: 150px) 100vw, 150px\" src=\"data:image\/gif;base64,R0lGODlhAQABAAAAACH5BAEKAAEALAAAAAABAAEAAAICTAEAOw==\" style=\"--smush-placeholder-width: 150px; --smush-placeholder-aspect-ratio: 150\/150;\" \/><noscript><img decoding=\"async\" width=\"150\" height=\"150\" src=\"https:\/\/mdcbuhmann.ch\/wp-content\/uploads\/2023\/01\/ANALYTICS-150x150.png\" class=\"attachment-thumbnail size-thumbnail wp-image-989405\" alt=\"\" srcset=\"https:\/\/mdcbuhmann.ch\/wp-content\/uploads\/2023\/01\/ANALYTICS-150x150.png 150w, https:\/\/mdcbuhmann.ch\/wp-content\/uploads\/2023\/01\/ANALYTICS-300x300.png 300w, https:\/\/mdcbuhmann.ch\/wp-content\/uploads\/2023\/01\/ANALYTICS.png 512w\" sizes=\"(max-width: 150px) 100vw, 150px\" \/><\/noscript>\t\t\t\t\t\t\t\t\t\t\t\t\t\t\t<\/div>\n\t\t\t\t<\/div>\n\t\t\t\t\t<\/div>\n\t\t\t\t<\/div>\n\t\t\t\t\t<\/div>\n\t\t\t\t<\/div>\n\t\t<div class=\"elementor-element elementor-element-dfe99a6 e-flex e-con-boxed e-con e-parent\" data-id=\"dfe99a6\" data-element_type=\"container\" data-settings=\"{&quot;background_background&quot;:&quot;classic&quot;}\">\n\t\t\t\t\t<div class=\"e-con-inner\">\n\t\t<div class=\"elementor-element elementor-element-c6e4179 e-con-full e-flex e-con e-parent\" data-id=\"c6e4179\" data-element_type=\"container\">\n\t\t<div class=\"elementor-element elementor-element-13229c7 e-flex e-con-boxed e-con e-parent\" data-id=\"13229c7\" data-element_type=\"container\">\n\t\t\t\t\t<div class=\"e-con-inner\">\n\t\t\t\t<div class=\"elementor-element elementor-element-131da8a elementor-widget elementor-widget-heading\" data-id=\"131da8a\" data-element_type=\"widget\" data-widget_type=\"heading.default\">\n\t\t\t\t<div class=\"elementor-widget-container\">\n\t\t\t\t\t<h3 class=\"elementor-heading-title elementor-size-default\">Innovation on Demand<\/h3>\t\t\t\t<\/div>\n\t\t\t\t<\/div>\n\t\t\t\t<div class=\"elementor-element elementor-element-3a9af2c elementor-widget elementor-widget-text-editor\" data-id=\"3a9af2c\" data-element_type=\"widget\" data-widget_type=\"text-editor.default\">\n\t\t\t\t<div class=\"elementor-widget-container\">\n\t\t\t\t\t\t\t\t\t<h4><span style=\"color: #ffffff;\">MDC researches for you the <i>State of the Art<\/i>\u00a0 with regard to your product and identifies\u00a0<i>benchmarks <\/i>We help you with a creative brainstorming process.<\/span><\/h4>\t\t\t\t\t\t\t\t<\/div>\n\t\t\t\t<\/div>\n\t\t\t\t\t<\/div>\n\t\t\t\t<\/div>\n\t\t\t\t<\/div>\n\t\t\t\t\t<\/div>\n\t\t\t\t<\/div>\n\t\t\t\t<\/div>","protected":false},"excerpt":{"rendered":"<p>Organisation und Durchf\u00fchrung von Think Tanks Zusammen mit Ihren internen Experten und auf Wunsch mit zus\u00e4tzlichen externen Experten unterst\u00fctzt MDC&#8230;<\/p>","protected":false},"author":3,"featured_media":0,"parent":6872,"menu_order":0,"comment_status":"closed","ping_status":"closed","template":"","meta":{"footnotes":""},"yoast_head":"<!-- This site is optimized with the Yoast SEO plugin v22.6 - https:\/\/yoast.com\/wordpress\/plugins\/seo\/ -->\n<title>Innovation - MDC Buhmann<\/title>\n<meta name=\"robots\" content=\"index, follow, max-snippet:-1, max-image-preview:large, max-video-preview:-1\" \/>\n<link rel=\"canonical\" href=\"https:\/\/mdcbuhmann.ch\/en\/solutions\/innovation\/\" \/>\n<meta property=\"og:locale\" content=\"en_US\" \/>\n<meta property=\"og:type\" content=\"article\" \/>\n<meta property=\"og:title\" content=\"Innovation - MDC Buhmann\" \/>\n<meta property=\"og:description\" content=\"Organisation und Durchf\u00fchrung von Think Tanks Zusammen mit Ihren internen Experten und auf Wunsch mit zus\u00e4tzlichen externen Experten unterst\u00fctzt MDC...\" \/>\n<meta property=\"og:url\" content=\"https:\/\/mdcbuhmann.ch\/en\/solutions\/innovation\/\" \/>\n<meta property=\"og:site_name\" content=\"MDC Buhmann\" \/>\n<meta property=\"article:modified_time\" content=\"2023-01-09T17:39:03+00:00\" \/>\n<meta property=\"og:image\" content=\"https:\/\/mdcbuhmann.ch\/wp-content\/uploads\/2023\/01\/ANALYTICS-150x150.png\" \/>\n<meta name=\"twitter:card\" content=\"summary_large_image\" \/>\n<meta name=\"twitter:label1\" content=\"Est. reading time\" \/>\n\t<meta name=\"twitter:data1\" content=\"1 minute\" \/>\n<script type=\"application\/ld+json\" class=\"yoast-schema-graph\">{\"@context\":\"https:\/\/schema.org\",\"@graph\":[{\"@type\":\"WebPage\",\"@id\":\"https:\/\/mdcbuhmann.ch\/solutions\/innovation\/\",\"url\":\"https:\/\/mdcbuhmann.ch\/solutions\/innovation\/\",\"name\":\"Innovation - MDC Buhmann\",\"isPartOf\":{\"@id\":\"https:\/\/mdcbuhmann.ch\/#website\"},\"primaryImageOfPage\":{\"@id\":\"https:\/\/mdcbuhmann.ch\/solutions\/innovation\/#primaryimage\"},\"image\":{\"@id\":\"https:\/\/mdcbuhmann.ch\/solutions\/innovation\/#primaryimage\"},\"thumbnailUrl\":\"https:\/\/mdcbuhmann.ch\/wp-content\/uploads\/2023\/01\/ANALYTICS-150x150.png\",\"datePublished\":\"2023-01-03T08:42:45+00:00\",\"dateModified\":\"2023-01-09T17:39:03+00:00\",\"breadcrumb\":{\"@id\":\"https:\/\/mdcbuhmann.ch\/solutions\/innovation\/#breadcrumb\"},\"inLanguage\":\"en-US\",\"potentialAction\":[{\"@type\":\"ReadAction\",\"target\":[\"https:\/\/mdcbuhmann.ch\/solutions\/innovation\/\"]}]},{\"@type\":\"ImageObject\",\"inLanguage\":\"en-US\",\"@id\":\"https:\/\/mdcbuhmann.ch\/solutions\/innovation\/#primaryimage\",\"url\":\"https:\/\/mdcbuhmann.ch\/wp-content\/uploads\/2023\/01\/ANALYTICS-150x150.png\",\"contentUrl\":\"https:\/\/mdcbuhmann.ch\/wp-content\/uploads\/2023\/01\/ANALYTICS-150x150.png\"},{\"@type\":\"BreadcrumbList\",\"@id\":\"https:\/\/mdcbuhmann.ch\/solutions\/innovation\/#breadcrumb\",\"itemListElement\":[{\"@type\":\"ListItem\",\"position\":1,\"name\":\"Home\",\"item\":\"https:\/\/mdcbuhmann.ch\/\"},{\"@type\":\"ListItem\",\"position\":2,\"name\":\"Solutions\",\"item\":\"https:\/\/mdcbuhmann.ch\/solutions\/\"},{\"@type\":\"ListItem\",\"position\":3,\"name\":\"Innovation\"}]},{\"@type\":\"WebSite\",\"@id\":\"https:\/\/mdcbuhmann.ch\/#website\",\"url\":\"https:\/\/mdcbuhmann.ch\/\",\"name\":\"MDC Buhmann\",\"description\":\"Medical Device Consulting\",\"publisher\":{\"@id\":\"https:\/\/mdcbuhmann.ch\/#organization\"},\"potentialAction\":[{\"@type\":\"SearchAction\",\"target\":{\"@type\":\"EntryPoint\",\"urlTemplate\":\"https:\/\/mdcbuhmann.ch\/?s={search_term_string}\"},\"query-input\":\"required name=search_term_string\"}],\"inLanguage\":\"en-US\"},{\"@type\":\"Organization\",\"@id\":\"https:\/\/mdcbuhmann.ch\/#organization\",\"name\":\"MDC Buhmann\",\"url\":\"https:\/\/mdcbuhmann.ch\/\",\"logo\":{\"@type\":\"ImageObject\",\"inLanguage\":\"en-US\",\"@id\":\"https:\/\/mdcbuhmann.ch\/#\/schema\/logo\/image\/\",\"url\":\"https:\/\/mdcbuhmann.ch\/wp-content\/uploads\/2022\/09\/350x100-with-contour.png\",\"contentUrl\":\"https:\/\/mdcbuhmann.ch\/wp-content\/uploads\/2022\/09\/350x100-with-contour.png\",\"width\":894,\"height\":381,\"caption\":\"MDC Buhmann\"},\"image\":{\"@id\":\"https:\/\/mdcbuhmann.ch\/#\/schema\/logo\/image\/\"}}]}<\/script>\n<!-- \/ Yoast SEO plugin. -->","yoast_head_json":{"title":"Innovation - MDC Buhmann","robots":{"index":"index","follow":"follow","max-snippet":"max-snippet:-1","max-image-preview":"max-image-preview:large","max-video-preview":"max-video-preview:-1"},"canonical":"https:\/\/mdcbuhmann.ch\/en\/solutions\/innovation\/","og_locale":"en_US","og_type":"article","og_title":"Innovation - MDC Buhmann","og_description":"Organisation und Durchf\u00fchrung von Think Tanks Zusammen mit Ihren internen Experten und auf Wunsch mit zus\u00e4tzlichen externen Experten unterst\u00fctzt MDC...","og_url":"https:\/\/mdcbuhmann.ch\/en\/solutions\/innovation\/","og_site_name":"MDC Buhmann","article_modified_time":"2023-01-09T17:39:03+00:00","og_image":[{"url":"https:\/\/mdcbuhmann.ch\/wp-content\/uploads\/2023\/01\/ANALYTICS-150x150.png"}],"twitter_card":"summary_large_image","twitter_misc":{"Est. reading time":"1 minute"},"schema":{"@context":"https:\/\/schema.org","@graph":[{"@type":"WebPage","@id":"https:\/\/mdcbuhmann.ch\/solutions\/innovation\/","url":"https:\/\/mdcbuhmann.ch\/solutions\/innovation\/","name":"Innovation - MDC Buhmann","isPartOf":{"@id":"https:\/\/mdcbuhmann.ch\/#website"},"primaryImageOfPage":{"@id":"https:\/\/mdcbuhmann.ch\/solutions\/innovation\/#primaryimage"},"image":{"@id":"https:\/\/mdcbuhmann.ch\/solutions\/innovation\/#primaryimage"},"thumbnailUrl":"https:\/\/mdcbuhmann.ch\/wp-content\/uploads\/2023\/01\/ANALYTICS-150x150.png","datePublished":"2023-01-03T08:42:45+00:00","dateModified":"2023-01-09T17:39:03+00:00","breadcrumb":{"@id":"https:\/\/mdcbuhmann.ch\/solutions\/innovation\/#breadcrumb"},"inLanguage":"en-US","potentialAction":[{"@type":"ReadAction","target":["https:\/\/mdcbuhmann.ch\/solutions\/innovation\/"]}]},{"@type":"ImageObject","inLanguage":"en-US","@id":"https:\/\/mdcbuhmann.ch\/solutions\/innovation\/#primaryimage","url":"https:\/\/mdcbuhmann.ch\/wp-content\/uploads\/2023\/01\/ANALYTICS-150x150.png","contentUrl":"https:\/\/mdcbuhmann.ch\/wp-content\/uploads\/2023\/01\/ANALYTICS-150x150.png"},{"@type":"BreadcrumbList","@id":"https:\/\/mdcbuhmann.ch\/solutions\/innovation\/#breadcrumb","itemListElement":[{"@type":"ListItem","position":1,"name":"Home","item":"https:\/\/mdcbuhmann.ch\/"},{"@type":"ListItem","position":2,"name":"Solutions","item":"https:\/\/mdcbuhmann.ch\/solutions\/"},{"@type":"ListItem","position":3,"name":"Innovation"}]},{"@type":"WebSite","@id":"https:\/\/mdcbuhmann.ch\/#website","url":"https:\/\/mdcbuhmann.ch\/","name":"MDC Buhmann","description":"Medical Device Consulting","publisher":{"@id":"https:\/\/mdcbuhmann.ch\/#organization"},"potentialAction":[{"@type":"SearchAction","target":{"@type":"EntryPoint","urlTemplate":"https:\/\/mdcbuhmann.ch\/?s={search_term_string}"},"query-input":"required name=search_term_string"}],"inLanguage":"en-US"},{"@type":"Organization","@id":"https:\/\/mdcbuhmann.ch\/#organization","name":"MDC Buhmann","url":"https:\/\/mdcbuhmann.ch\/","logo":{"@type":"ImageObject","inLanguage":"en-US","@id":"https:\/\/mdcbuhmann.ch\/#\/schema\/logo\/image\/","url":"https:\/\/mdcbuhmann.ch\/wp-content\/uploads\/2022\/09\/350x100-with-contour.png","contentUrl":"https:\/\/mdcbuhmann.ch\/wp-content\/uploads\/2022\/09\/350x100-with-contour.png","width":894,"height":381,"caption":"MDC Buhmann"},"image":{"@id":"https:\/\/mdcbuhmann.ch\/#\/schema\/logo\/image\/"}}]}},"_links":{"self":[{"href":"https:\/\/mdcbuhmann.ch\/en\/wp-json\/wp\/v2\/pages\/988596"}],"collection":[{"href":"https:\/\/mdcbuhmann.ch\/en\/wp-json\/wp\/v2\/pages"}],"about":[{"href":"https:\/\/mdcbuhmann.ch\/en\/wp-json\/wp\/v2\/types\/page"}],"author":[{"embeddable":true,"href":"https:\/\/mdcbuhmann.ch\/en\/wp-json\/wp\/v2\/users\/3"}],"replies":[{"embeddable":true,"href":"https:\/\/mdcbuhmann.ch\/en\/wp-json\/wp\/v2\/comments?post=988596"}],"version-history":[{"count":32,"href":"https:\/\/mdcbuhmann.ch\/en\/wp-json\/wp\/v2\/pages\/988596\/revisions"}],"predecessor-version":[{"id":989643,"href":"https:\/\/mdcbuhmann.ch\/en\/wp-json\/wp\/v2\/pages\/988596\/revisions\/989643"}],"up":[{"embeddable":true,"href":"https:\/\/mdcbuhmann.ch\/en\/wp-json\/wp\/v2\/pages\/6872"}],"wp:attachment":[{"href":"https:\/\/mdcbuhmann.ch\/en\/wp-json\/wp\/v2\/media?parent=988596"}],"curies":[{"name":"wp","href":"https:\/\/api.w.org\/{rel}","templated":true}]}}