{"id":6280,"date":"2022-10-31T10:35:38","date_gmt":"2022-10-31T10:35:38","guid":{"rendered":"https:\/\/konstruktion.vamtam.com\/?page_id=6280"},"modified":"2023-05-02T10:35:06","modified_gmt":"2023-05-02T10:35:06","slug":"qm","status":"publish","type":"page","link":"https:\/\/mdcbuhmann.ch\/en\/solutions\/qm\/","title":{"rendered":"QM systems according to ISO 13485"},"content":{"rendered":"<div data-elementor-type=\"wp-page\" data-elementor-id=\"6280\" class=\"elementor elementor-6280\">\n\t\t\t\t\t\t<section class=\"elementor-section elementor-top-section elementor-element elementor-element-4a9e269 elementor-section-boxed elementor-section-height-default elementor-section-height-default\" data-id=\"4a9e269\" data-element_type=\"section\">\n\t\t\t\t\t\t<div class=\"elementor-container elementor-column-gap-no\">\n\t\t\t\t\t<div class=\"elementor-column elementor-col-100 elementor-top-column elementor-element elementor-element-ee4f0f7\" data-id=\"ee4f0f7\" data-element_type=\"column\">\n\t\t\t<div class=\"elementor-widget-wrap elementor-element-populated\">\n\t\t\t\t\t\t\t<\/div>\n\t\t<\/div>\n\t\t\t\t\t<\/div>\n\t\t<\/section>\n\t\t<div class=\"elementor-element elementor-element-692bb0e e-flex e-con-boxed e-con e-parent\" data-id=\"692bb0e\" data-element_type=\"container\">\n\t\t\t\t\t<div class=\"e-con-inner\">\n\t\t\t\t<div class=\"elementor-element elementor-element-9bde334 elementor-widget-divider--view-line elementor-widget elementor-widget-divider\" data-id=\"9bde334\" data-element_type=\"widget\" data-widget_type=\"divider.default\">\n\t\t\t\t<div class=\"elementor-widget-container\">\n\t\t\t\t\t\t\t<div class=\"elementor-divider\">\n\t\t\t<span class=\"elementor-divider-separator\">\n\t\t\t\t\t\t<\/span>\n\t\t<\/div>\n\t\t\t\t\t\t<\/div>\n\t\t\t\t<\/div>\n\t\t\t\t\t<\/div>\n\t\t\t\t<\/div>\n\t\t<div class=\"elementor-element elementor-element-5c2bfd6 e-flex e-con-boxed e-con e-parent\" data-id=\"5c2bfd6\" data-element_type=\"container\" data-settings=\"{&quot;background_background&quot;:&quot;classic&quot;}\">\n\t\t\t\t\t<div class=\"e-con-inner\">\n\t\t<div class=\"elementor-element elementor-element-258b166 e-con-full e-flex e-con e-parent\" data-id=\"258b166\" data-element_type=\"container\">\n\t\t\t\t<div class=\"elementor-element elementor-element-3747762 elementor-widget elementor-widget-heading\" data-id=\"3747762\" data-element_type=\"widget\" data-widget_type=\"heading.default\">\n\t\t\t\t<div class=\"elementor-widget-container\">\n\t\t\t\t\t<h3 class=\"elementor-heading-title elementor-size-default\">Support in setting up and further developing your quality management system in accordance with ISO 13485<\/h3>\t\t\t\t<\/div>\n\t\t\t\t<\/div>\n\t\t\t\t<div class=\"elementor-element elementor-element-7cb3aa9 elementor-widget elementor-widget-text-editor\" data-id=\"7cb3aa9\" data-element_type=\"widget\" data-widget_type=\"text-editor.default\">\n\t\t\t\t<div class=\"elementor-widget-container\">\n\t\t\t\t\t\t\t\t\t<h4><span style=\"color: #ffffff;\">MDC offers assistance with the following:<\/span><\/h4><ul><li><h5><span style=\"color: #ffffff;\">Improvement of QM-related procersses<\/span><\/h5><\/li><li><h5><span style=\"color: #ffffff;\">QM guidebook<\/span><\/h5><\/li><li><h5><span style=\"color: #ffffff;\">Product realization<\/span><\/h5><\/li><li><h5><span style=\"color: #ffffff;\">Design history file<\/span><\/h5><\/li><li><h5><span style=\"color: #ffffff;\">Control of documents<\/span><\/h5><\/li><li><h5><span style=\"color: #ffffff;\">Complaint management<\/span><\/h5><\/li><\/ul>\t\t\t\t\t\t\t\t<\/div>\n\t\t\t\t<\/div>\n\t\t\t\t<\/div>\n\t\t<div class=\"elementor-element elementor-element-19f7a84 e-flex e-con-boxed e-con e-parent\" data-id=\"19f7a84\" data-element_type=\"container\">\n\t\t\t\t\t<div class=\"e-con-inner\">\n\t\t\t\t\t<\/div>\n\t\t\t\t<\/div>\n\t\t\t\t\t<\/div>\n\t\t\t\t<\/div>\n\t\t\t\t<section class=\"elementor-section elementor-top-section elementor-element elementor-element-a57dced elementor-section-boxed elementor-section-height-default elementor-section-height-default\" data-id=\"a57dced\" data-element_type=\"section\">\n\t\t\t\t\t\t<div class=\"elementor-container elementor-column-gap-no\">\n\t\t\t\t\t<div class=\"elementor-column elementor-col-100 elementor-top-column elementor-element elementor-element-3c3cc1b\" data-id=\"3c3cc1b\" data-element_type=\"column\">\n\t\t\t<div class=\"elementor-widget-wrap elementor-element-populated\">\n\t\t\t\t<div class=\"elementor-element elementor-element-09fecf4 e-flex e-con-boxed e-con e-parent\" data-id=\"09fecf4\" data-element_type=\"container\">\n\t\t\t\t\t<div class=\"e-con-inner\">\n\t\t\t\t\t<\/div>\n\t\t\t\t<\/div>\n\t\t\t\t\t<\/div>\n\t\t<\/div>\n\t\t\t\t\t<\/div>\n\t\t<\/section>\n\t\t\t\t<\/div>","protected":false},"excerpt":{"rendered":"<p>Unterst\u00fctzung beim Aufbau und Weiterentwicklung Ihres Qualit\u00e4tsmanagementsystems nach ISO 13485 MDC bietet unter anderem Unterst\u00fctzung bei den folgenden Punkten: Verbesserung&#8230;<\/p>","protected":false},"author":1,"featured_media":0,"parent":6872,"menu_order":0,"comment_status":"closed","ping_status":"closed","template":"","meta":{"footnotes":""},"yoast_head":"<!-- This site is optimized with the Yoast SEO plugin v22.6 - https:\/\/yoast.com\/wordpress\/plugins\/seo\/ -->\n<title>QM-Systeme nach ISO 13485 - MDC Buhmann<\/title>\n<meta name=\"robots\" content=\"index, follow, max-snippet:-1, max-image-preview:large, max-video-preview:-1\" \/>\n<link rel=\"canonical\" href=\"https:\/\/mdcbuhmann.ch\/en\/solutions\/qm\/\" \/>\n<meta property=\"og:locale\" content=\"en_US\" \/>\n<meta property=\"og:type\" content=\"article\" \/>\n<meta property=\"og:title\" content=\"QM-Systeme nach ISO 13485 - MDC Buhmann\" \/>\n<meta property=\"og:description\" content=\"Unterst\u00fctzung beim Aufbau und Weiterentwicklung Ihres Qualit\u00e4tsmanagementsystems nach ISO 13485 MDC bietet unter anderem Unterst\u00fctzung bei den folgenden Punkten: Verbesserung...\" \/>\n<meta property=\"og:url\" content=\"https:\/\/mdcbuhmann.ch\/en\/solutions\/qm\/\" \/>\n<meta property=\"og:site_name\" content=\"MDC Buhmann\" \/>\n<meta property=\"article:modified_time\" content=\"2023-05-02T10:35:06+00:00\" \/>\n<meta name=\"twitter:card\" content=\"summary_large_image\" \/>\n<meta name=\"twitter:label1\" content=\"Est. reading time\" \/>\n\t<meta name=\"twitter:data1\" content=\"1 minute\" \/>\n<script type=\"application\/ld+json\" class=\"yoast-schema-graph\">{\"@context\":\"https:\/\/schema.org\",\"@graph\":[{\"@type\":\"WebPage\",\"@id\":\"https:\/\/mdcbuhmann.ch\/solutions\/qm\/\",\"url\":\"https:\/\/mdcbuhmann.ch\/solutions\/qm\/\",\"name\":\"QM-Systeme nach ISO 13485 - MDC Buhmann\",\"isPartOf\":{\"@id\":\"https:\/\/mdcbuhmann.ch\/#website\"},\"datePublished\":\"2022-10-31T10:35:38+00:00\",\"dateModified\":\"2023-05-02T10:35:06+00:00\",\"breadcrumb\":{\"@id\":\"https:\/\/mdcbuhmann.ch\/solutions\/qm\/#breadcrumb\"},\"inLanguage\":\"en-US\",\"potentialAction\":[{\"@type\":\"ReadAction\",\"target\":[\"https:\/\/mdcbuhmann.ch\/solutions\/qm\/\"]}]},{\"@type\":\"BreadcrumbList\",\"@id\":\"https:\/\/mdcbuhmann.ch\/solutions\/qm\/#breadcrumb\",\"itemListElement\":[{\"@type\":\"ListItem\",\"position\":1,\"name\":\"Home\",\"item\":\"https:\/\/mdcbuhmann.ch\/\"},{\"@type\":\"ListItem\",\"position\":2,\"name\":\"Solutions\",\"item\":\"https:\/\/mdcbuhmann.ch\/solutions\/\"},{\"@type\":\"ListItem\",\"position\":3,\"name\":\"QM-Systeme nach ISO 13485\"}]},{\"@type\":\"WebSite\",\"@id\":\"https:\/\/mdcbuhmann.ch\/#website\",\"url\":\"https:\/\/mdcbuhmann.ch\/\",\"name\":\"MDC Buhmann\",\"description\":\"Medical Device Consulting\",\"publisher\":{\"@id\":\"https:\/\/mdcbuhmann.ch\/#organization\"},\"potentialAction\":[{\"@type\":\"SearchAction\",\"target\":{\"@type\":\"EntryPoint\",\"urlTemplate\":\"https:\/\/mdcbuhmann.ch\/?s={search_term_string}\"},\"query-input\":\"required name=search_term_string\"}],\"inLanguage\":\"en-US\"},{\"@type\":\"Organization\",\"@id\":\"https:\/\/mdcbuhmann.ch\/#organization\",\"name\":\"MDC Buhmann\",\"url\":\"https:\/\/mdcbuhmann.ch\/\",\"logo\":{\"@type\":\"ImageObject\",\"inLanguage\":\"en-US\",\"@id\":\"https:\/\/mdcbuhmann.ch\/#\/schema\/logo\/image\/\",\"url\":\"https:\/\/mdcbuhmann.ch\/wp-content\/uploads\/2022\/09\/350x100-with-contour.png\",\"contentUrl\":\"https:\/\/mdcbuhmann.ch\/wp-content\/uploads\/2022\/09\/350x100-with-contour.png\",\"width\":894,\"height\":381,\"caption\":\"MDC Buhmann\"},\"image\":{\"@id\":\"https:\/\/mdcbuhmann.ch\/#\/schema\/logo\/image\/\"}}]}<\/script>\n<!-- \/ Yoast SEO plugin. -->","yoast_head_json":{"title":"QM-Systeme nach ISO 13485 - MDC Buhmann","robots":{"index":"index","follow":"follow","max-snippet":"max-snippet:-1","max-image-preview":"max-image-preview:large","max-video-preview":"max-video-preview:-1"},"canonical":"https:\/\/mdcbuhmann.ch\/en\/solutions\/qm\/","og_locale":"en_US","og_type":"article","og_title":"QM-Systeme nach ISO 13485 - MDC Buhmann","og_description":"Unterst\u00fctzung beim Aufbau und Weiterentwicklung Ihres Qualit\u00e4tsmanagementsystems nach ISO 13485 MDC bietet unter anderem Unterst\u00fctzung bei den folgenden Punkten: Verbesserung...","og_url":"https:\/\/mdcbuhmann.ch\/en\/solutions\/qm\/","og_site_name":"MDC Buhmann","article_modified_time":"2023-05-02T10:35:06+00:00","twitter_card":"summary_large_image","twitter_misc":{"Est. reading time":"1 minute"},"schema":{"@context":"https:\/\/schema.org","@graph":[{"@type":"WebPage","@id":"https:\/\/mdcbuhmann.ch\/solutions\/qm\/","url":"https:\/\/mdcbuhmann.ch\/solutions\/qm\/","name":"QM-Systeme nach ISO 13485 - MDC Buhmann","isPartOf":{"@id":"https:\/\/mdcbuhmann.ch\/#website"},"datePublished":"2022-10-31T10:35:38+00:00","dateModified":"2023-05-02T10:35:06+00:00","breadcrumb":{"@id":"https:\/\/mdcbuhmann.ch\/solutions\/qm\/#breadcrumb"},"inLanguage":"en-US","potentialAction":[{"@type":"ReadAction","target":["https:\/\/mdcbuhmann.ch\/solutions\/qm\/"]}]},{"@type":"BreadcrumbList","@id":"https:\/\/mdcbuhmann.ch\/solutions\/qm\/#breadcrumb","itemListElement":[{"@type":"ListItem","position":1,"name":"Home","item":"https:\/\/mdcbuhmann.ch\/"},{"@type":"ListItem","position":2,"name":"Solutions","item":"https:\/\/mdcbuhmann.ch\/solutions\/"},{"@type":"ListItem","position":3,"name":"QM-Systeme nach ISO 13485"}]},{"@type":"WebSite","@id":"https:\/\/mdcbuhmann.ch\/#website","url":"https:\/\/mdcbuhmann.ch\/","name":"MDC Buhmann","description":"Medical Device Consulting","publisher":{"@id":"https:\/\/mdcbuhmann.ch\/#organization"},"potentialAction":[{"@type":"SearchAction","target":{"@type":"EntryPoint","urlTemplate":"https:\/\/mdcbuhmann.ch\/?s={search_term_string}"},"query-input":"required name=search_term_string"}],"inLanguage":"en-US"},{"@type":"Organization","@id":"https:\/\/mdcbuhmann.ch\/#organization","name":"MDC Buhmann","url":"https:\/\/mdcbuhmann.ch\/","logo":{"@type":"ImageObject","inLanguage":"en-US","@id":"https:\/\/mdcbuhmann.ch\/#\/schema\/logo\/image\/","url":"https:\/\/mdcbuhmann.ch\/wp-content\/uploads\/2022\/09\/350x100-with-contour.png","contentUrl":"https:\/\/mdcbuhmann.ch\/wp-content\/uploads\/2022\/09\/350x100-with-contour.png","width":894,"height":381,"caption":"MDC Buhmann"},"image":{"@id":"https:\/\/mdcbuhmann.ch\/#\/schema\/logo\/image\/"}}]}},"_links":{"self":[{"href":"https:\/\/mdcbuhmann.ch\/en\/wp-json\/wp\/v2\/pages\/6280"}],"collection":[{"href":"https:\/\/mdcbuhmann.ch\/en\/wp-json\/wp\/v2\/pages"}],"about":[{"href":"https:\/\/mdcbuhmann.ch\/en\/wp-json\/wp\/v2\/types\/page"}],"author":[{"embeddable":true,"href":"https:\/\/mdcbuhmann.ch\/en\/wp-json\/wp\/v2\/users\/1"}],"replies":[{"embeddable":true,"href":"https:\/\/mdcbuhmann.ch\/en\/wp-json\/wp\/v2\/comments?post=6280"}],"version-history":[{"count":60,"href":"https:\/\/mdcbuhmann.ch\/en\/wp-json\/wp\/v2\/pages\/6280\/revisions"}],"predecessor-version":[{"id":990170,"href":"https:\/\/mdcbuhmann.ch\/en\/wp-json\/wp\/v2\/pages\/6280\/revisions\/990170"}],"up":[{"embeddable":true,"href":"https:\/\/mdcbuhmann.ch\/en\/wp-json\/wp\/v2\/pages\/6872"}],"wp:attachment":[{"href":"https:\/\/mdcbuhmann.ch\/en\/wp-json\/wp\/v2\/media?parent=6280"}],"curies":[{"name":"wp","href":"https:\/\/api.w.org\/{rel}","templated":true}]}}