{"id":5892,"date":"2022-10-25T12:06:14","date_gmt":"2022-10-25T12:06:14","guid":{"rendered":"https:\/\/konstruktion.vamtam.com\/?page_id=5892"},"modified":"2023-05-02T10:36:33","modified_gmt":"2023-05-02T10:36:33","slug":"funding","status":"publish","type":"page","link":"https:\/\/mdcbuhmann.ch\/en\/solutions\/funding\/","title":{"rendered":"Grant applications"},"content":{"rendered":"<div data-elementor-type=\"wp-page\" data-elementor-id=\"5892\" class=\"elementor elementor-5892\">\n\t\t\t\t\t\t<section class=\"elementor-section elementor-top-section elementor-element elementor-element-3247476 elementor-section-boxed elementor-section-height-default elementor-section-height-default\" data-id=\"3247476\" data-element_type=\"section\">\n\t\t\t\t\t\t<div class=\"elementor-container elementor-column-gap-no\">\n\t\t\t\t\t<div class=\"elementor-column elementor-col-100 elementor-top-column elementor-element elementor-element-30e7761\" data-id=\"30e7761\" data-element_type=\"column\">\n\t\t\t<div class=\"elementor-widget-wrap elementor-element-populated\">\n\t\t\t\t\t\t<div class=\"elementor-element elementor-element-8708c90 elementor-position-right elementor-widget__width-auto elementor-mobile-position-right elementor-widget-mobile__width-auto elementor-vertical-align-middle elementor-view-default elementor-invisible elementor-widget elementor-widget-icon-box\" data-id=\"8708c90\" data-element_type=\"widget\" data-settings=\"{&quot;_animation&quot;:&quot;slideInUp&quot;}\" data-widget_type=\"icon-box.default\">\n\t\t\t\t<div class=\"elementor-widget-container\">\n\t\t\t\t\t\t\t<div class=\"elementor-icon-box-wrapper\">\n\n\t\t\t\t\t\t<div class=\"elementor-icon-box-icon\">\n\t\t\t\t<span  class=\"elementor-icon\">\n\t\t\t\t<i aria-hidden=\"true\" class=\"vamtamtheme- vamtam-theme-line-titles\"><\/i>\t\t\t\t<\/span>\n\t\t\t<\/div>\n\t\t\t\n\t\t\t\n\t\t<\/div>\n\t\t\t\t\t\t<\/div>\n\t\t\t\t<\/div>\n\t\t\t\t<div class=\"elementor-element elementor-element-b2485ba elementor-widget elementor-widget-heading\" data-id=\"b2485ba\" data-element_type=\"widget\" data-widget_type=\"heading.default\">\n\t\t\t\t<div class=\"elementor-widget-container\">\n\t\t\t\t\t<h4 class=\"elementor-heading-title elementor-size-default\">Identify funders and possible public funding, <br> creation of project-specific business models, <br>application for public funding<\/h4>\t\t\t\t<\/div>\n\t\t\t\t<\/div>\n\t\t\t\t<div class=\"elementor-element elementor-element-661424d elementor-widget-divider--view-line elementor-widget elementor-widget-divider\" data-id=\"661424d\" data-element_type=\"widget\" data-widget_type=\"divider.default\">\n\t\t\t\t<div class=\"elementor-widget-container\">\n\t\t\t\t\t\t\t<div class=\"elementor-divider\">\n\t\t\t<span class=\"elementor-divider-separator\">\n\t\t\t\t\t\t<\/span>\n\t\t<\/div>\n\t\t\t\t\t\t<\/div>\n\t\t\t\t<\/div>\n\t\t\t\t\t<\/div>\n\t\t<\/div>\n\t\t\t\t\t<\/div>\n\t\t<\/section>\n\t\t<div class=\"elementor-element elementor-element-6736740 e-flex e-con-boxed e-con e-parent\" data-id=\"6736740\" data-element_type=\"container\" data-settings=\"{&quot;background_background&quot;:&quot;classic&quot;}\">\n\t\t\t\t\t<div class=\"e-con-inner\">\n\t\t<div class=\"elementor-element elementor-element-d67a2e3 e-con-full e-flex e-con e-parent\" data-id=\"d67a2e3\" data-element_type=\"container\">\n\t\t<div class=\"elementor-element elementor-element-4fd8971 e-flex e-con-boxed e-con e-parent\" data-id=\"4fd8971\" data-element_type=\"container\">\n\t\t\t\t\t<div class=\"e-con-inner\">\n\t\t\t\t<div class=\"elementor-element elementor-element-1b0c6f8 elementor-widget elementor-widget-heading\" data-id=\"1b0c6f8\" data-element_type=\"widget\" data-widget_type=\"heading.default\">\n\t\t\t\t<div class=\"elementor-widget-container\">\n\t\t\t\t\t<h4 class=\"elementor-heading-title elementor-size-default\">Application for public funding<\/h4>\t\t\t\t<\/div>\n\t\t\t\t<\/div>\n\t\t\t\t<div class=\"elementor-element elementor-element-946cf50 elementor-widget elementor-widget-text-editor\" data-id=\"946cf50\" data-element_type=\"widget\" data-widget_type=\"text-editor.default\">\n\t\t\t\t<div class=\"elementor-widget-container\">\n\t\t\t\t\t\t\t\t\t<h5><span style=\"color: #ffffff;\">It is financially costly for SMEs to carry out innovative applied research projects. In various areas, it is possible to apply for public funding, which typically covers up to 50% of the project costs.\u00a0<\/span><\/h5><h5><span style=\"color: #ffffff;\">MDC has experience in successfully applying for funding and can assist you in identifying funding organizations and submitting applications.<\/span><\/h5>\t\t\t\t\t\t\t\t<\/div>\n\t\t\t\t<\/div>\n\t\t\t\t\t<\/div>\n\t\t\t\t<\/div>\n\t\t\t\t<\/div>\n\t\t<div class=\"elementor-element elementor-element-224dbcc e-con-full e-flex e-con e-parent\" data-id=\"224dbcc\" data-element_type=\"container\">\n\t\t\t\t<div class=\"elementor-element elementor-element-39799e4 elementor-widget__width-initial elementor-widget elementor-widget-image\" data-id=\"39799e4\" data-element_type=\"widget\" data-widget_type=\"image.default\">\n\t\t\t\t<div class=\"elementor-widget-container\">\n\t\t\t\t\t\t\t\t\t\t\t\t\t\t\t<img decoding=\"async\" data-src=\"https:\/\/mdcbuhmann.ch\/wp-content\/uploads\/2023\/01\/CROWDFUNDING.png\" title=\"CROWDFUNDING\" alt=\"CROWDFUNDING\" loading=\"lazy\" src=\"data:image\/gif;base64,R0lGODlhAQABAAAAACH5BAEKAAEALAAAAAABAAEAAAICTAEAOw==\" class=\"lazyload\" style=\"--smush-placeholder-width: 512px; --smush-placeholder-aspect-ratio: 512\/512;\" \/><noscript><img decoding=\"async\" src=\"https:\/\/mdcbuhmann.ch\/wp-content\/uploads\/2023\/01\/CROWDFUNDING.png\" title=\"CROWDFUNDING\" alt=\"CROWDFUNDING\" loading=\"lazy\" \/><\/noscript>\t\t\t\t\t\t\t\t\t\t\t\t\t\t\t<\/div>\n\t\t\t\t<\/div>\n\t\t\t\t<\/div>\n\t\t\t\t\t<\/div>\n\t\t\t\t<\/div>\n\t\t<div class=\"elementor-element elementor-element-4a58da8 e-flex e-con-boxed e-con e-parent\" data-id=\"4a58da8\" data-element_type=\"container\" data-settings=\"{&quot;background_background&quot;:&quot;classic&quot;}\">\n\t\t\t\t\t<div class=\"e-con-inner\">\n\t\t<div class=\"elementor-element elementor-element-3922dc0 e-con-full e-flex e-con e-parent\" data-id=\"3922dc0\" data-element_type=\"container\">\n\t\t<div class=\"elementor-element elementor-element-1d0361c e-flex e-con-boxed e-con e-parent\" data-id=\"1d0361c\" data-element_type=\"container\">\n\t\t\t\t\t<div class=\"e-con-inner\">\n\t\t\t\t<div class=\"elementor-element elementor-element-28c7b60 elementor-widget elementor-widget-heading\" data-id=\"28c7b60\" data-element_type=\"widget\" data-widget_type=\"heading.default\">\n\t\t\t\t<div class=\"elementor-widget-container\">\n\t\t\t\t\t<h4 class=\"elementor-heading-title elementor-size-default\">Creation of project and business plans for innovation projects<\/h4>\t\t\t\t<\/div>\n\t\t\t\t<\/div>\n\t\t\t\t<div class=\"elementor-element elementor-element-6ec90af elementor-widget elementor-widget-text-editor\" data-id=\"6ec90af\" data-element_type=\"widget\" data-widget_type=\"text-editor.default\">\n\t\t\t\t<div class=\"elementor-widget-container\">\n\t\t\t\t\t\t\t\t\t<h5><span style=\"color: #ffffff;\">You want to grow in the field of innovative technologies? MDC offers support in the creation of a business plan for the planned project - from the study of market volume, customer segments, benchmarks and alternative technologies, to manufacturing and sales-related issues, to the investment in the actual development.<\/span><\/h5>\t\t\t\t\t\t\t\t<\/div>\n\t\t\t\t<\/div>\n\t\t\t\t\t<\/div>\n\t\t\t\t<\/div>\n\t\t\t\t<\/div>\n\t\t<div class=\"elementor-element elementor-element-629344e e-con-full e-flex e-con e-parent\" data-id=\"629344e\" data-element_type=\"container\">\n\t\t\t\t<div class=\"elementor-element elementor-element-59294a4 elementor-widget__width-initial elementor-widget elementor-widget-image\" data-id=\"59294a4\" data-element_type=\"widget\" data-widget_type=\"image.default\">\n\t\t\t\t<div class=\"elementor-widget-container\">\n\t\t\t\t\t\t\t\t\t\t\t\t\t\t\t<img decoding=\"async\" data-src=\"https:\/\/mdcbuhmann.ch\/wp-content\/uploads\/2023\/01\/IDEA.png\" title=\"IDEA\" alt=\"IDEA\" loading=\"lazy\" src=\"data:image\/gif;base64,R0lGODlhAQABAAAAACH5BAEKAAEALAAAAAABAAEAAAICTAEAOw==\" class=\"lazyload\" style=\"--smush-placeholder-width: 512px; --smush-placeholder-aspect-ratio: 512\/512;\" \/><noscript><img decoding=\"async\" src=\"https:\/\/mdcbuhmann.ch\/wp-content\/uploads\/2023\/01\/IDEA.png\" title=\"IDEA\" alt=\"IDEA\" loading=\"lazy\" \/><\/noscript>\t\t\t\t\t\t\t\t\t\t\t\t\t\t\t<\/div>\n\t\t\t\t<\/div>\n\t\t\t\t<\/div>\n\t\t\t\t\t<\/div>\n\t\t\t\t<\/div>\n\t\t\t\t<section class=\"elementor-section elementor-top-section elementor-element elementor-element-99c531b elementor-section-boxed elementor-section-height-default elementor-section-height-default\" data-id=\"99c531b\" data-element_type=\"section\">\n\t\t\t\t\t\t<div class=\"elementor-container elementor-column-gap-no\">\n\t\t\t\t\t<div class=\"elementor-column elementor-col-100 elementor-top-column elementor-element elementor-element-f4804b8\" data-id=\"f4804b8\" data-element_type=\"column\">\n\t\t\t<div class=\"elementor-widget-wrap elementor-element-populated\">\n\t\t\t\t\t\t\t<\/div>\n\t\t<\/div>\n\t\t\t\t\t<\/div>\n\t\t<\/section>\n\t\t\t\t<\/div>","protected":false},"excerpt":{"rendered":"<p>Identifizierung von F\u00f6rderern und m\u00f6glicher \u00f6ffentlicher F\u00f6rderung, Erstellung projektspezifischer Gesch\u00e4ftsmodelle, Beantragung von F\u00f6rdermitteln Einwerben von \u00f6ffentlichen Forschungsmitteln F\u00fcr KMU ist&#8230;<\/p>","protected":false},"author":1,"featured_media":0,"parent":6872,"menu_order":0,"comment_status":"closed","ping_status":"closed","template":"","meta":{"footnotes":""},"yoast_head":"<!-- This site is optimized with the Yoast SEO plugin v22.6 - https:\/\/yoast.com\/wordpress\/plugins\/seo\/ -->\n<title>Finanzierung und Gesch\u00e4ftsmodelle - MDC Buhmann<\/title>\n<meta name=\"robots\" content=\"index, follow, max-snippet:-1, max-image-preview:large, max-video-preview:-1\" \/>\n<link rel=\"canonical\" href=\"https:\/\/mdcbuhmann.ch\/en\/solutions\/funding\/\" \/>\n<meta property=\"og:locale\" content=\"en_US\" \/>\n<meta property=\"og:type\" content=\"article\" \/>\n<meta property=\"og:title\" content=\"Finanzierung und Gesch\u00e4ftsmodelle - MDC Buhmann\" \/>\n<meta property=\"og:description\" content=\"Identifizierung von F\u00f6rderern und m\u00f6glicher \u00f6ffentlicher F\u00f6rderung, Erstellung projektspezifischer Gesch\u00e4ftsmodelle, Beantragung von F\u00f6rdermitteln Einwerben von \u00f6ffentlichen Forschungsmitteln F\u00fcr KMU ist...\" \/>\n<meta property=\"og:url\" content=\"https:\/\/mdcbuhmann.ch\/en\/solutions\/funding\/\" \/>\n<meta property=\"og:site_name\" content=\"MDC Buhmann\" \/>\n<meta property=\"article:modified_time\" content=\"2023-05-02T10:36:33+00:00\" \/>\n<meta property=\"og:image\" content=\"https:\/\/mdcbuhmann.ch\/wp-content\/uploads\/2023\/01\/CROWDFUNDING.png\" \/>\n<meta name=\"twitter:card\" content=\"summary_large_image\" \/>\n<meta name=\"twitter:label1\" content=\"Est. reading time\" \/>\n\t<meta name=\"twitter:data1\" content=\"2 minutes\" \/>\n<script type=\"application\/ld+json\" class=\"yoast-schema-graph\">{\"@context\":\"https:\/\/schema.org\",\"@graph\":[{\"@type\":\"WebPage\",\"@id\":\"https:\/\/mdcbuhmann.ch\/solutions\/funding\/\",\"url\":\"https:\/\/mdcbuhmann.ch\/solutions\/funding\/\",\"name\":\"Finanzierung und Gesch\u00e4ftsmodelle - MDC Buhmann\",\"isPartOf\":{\"@id\":\"https:\/\/mdcbuhmann.ch\/#website\"},\"primaryImageOfPage\":{\"@id\":\"https:\/\/mdcbuhmann.ch\/solutions\/funding\/#primaryimage\"},\"image\":{\"@id\":\"https:\/\/mdcbuhmann.ch\/solutions\/funding\/#primaryimage\"},\"thumbnailUrl\":\"https:\/\/mdcbuhmann.ch\/wp-content\/uploads\/2023\/01\/CROWDFUNDING.png\",\"datePublished\":\"2022-10-25T12:06:14+00:00\",\"dateModified\":\"2023-05-02T10:36:33+00:00\",\"breadcrumb\":{\"@id\":\"https:\/\/mdcbuhmann.ch\/solutions\/funding\/#breadcrumb\"},\"inLanguage\":\"en-US\",\"potentialAction\":[{\"@type\":\"ReadAction\",\"target\":[\"https:\/\/mdcbuhmann.ch\/solutions\/funding\/\"]}]},{\"@type\":\"ImageObject\",\"inLanguage\":\"en-US\",\"@id\":\"https:\/\/mdcbuhmann.ch\/solutions\/funding\/#primaryimage\",\"url\":\"https:\/\/mdcbuhmann.ch\/wp-content\/uploads\/2023\/01\/CROWDFUNDING.png\",\"contentUrl\":\"https:\/\/mdcbuhmann.ch\/wp-content\/uploads\/2023\/01\/CROWDFUNDING.png\"},{\"@type\":\"BreadcrumbList\",\"@id\":\"https:\/\/mdcbuhmann.ch\/solutions\/funding\/#breadcrumb\",\"itemListElement\":[{\"@type\":\"ListItem\",\"position\":1,\"name\":\"Home\",\"item\":\"https:\/\/mdcbuhmann.ch\/\"},{\"@type\":\"ListItem\",\"position\":2,\"name\":\"Solutions\",\"item\":\"https:\/\/mdcbuhmann.ch\/solutions\/\"},{\"@type\":\"ListItem\",\"position\":3,\"name\":\"Finanzierung und Gesch\u00e4ftsmodelle\"}]},{\"@type\":\"WebSite\",\"@id\":\"https:\/\/mdcbuhmann.ch\/#website\",\"url\":\"https:\/\/mdcbuhmann.ch\/\",\"name\":\"MDC Buhmann\",\"description\":\"Medical Device Consulting\",\"publisher\":{\"@id\":\"https:\/\/mdcbuhmann.ch\/#organization\"},\"potentialAction\":[{\"@type\":\"SearchAction\",\"target\":{\"@type\":\"EntryPoint\",\"urlTemplate\":\"https:\/\/mdcbuhmann.ch\/?s={search_term_string}\"},\"query-input\":\"required name=search_term_string\"}],\"inLanguage\":\"en-US\"},{\"@type\":\"Organization\",\"@id\":\"https:\/\/mdcbuhmann.ch\/#organization\",\"name\":\"MDC Buhmann\",\"url\":\"https:\/\/mdcbuhmann.ch\/\",\"logo\":{\"@type\":\"ImageObject\",\"inLanguage\":\"en-US\",\"@id\":\"https:\/\/mdcbuhmann.ch\/#\/schema\/logo\/image\/\",\"url\":\"https:\/\/mdcbuhmann.ch\/wp-content\/uploads\/2022\/09\/350x100-with-contour.png\",\"contentUrl\":\"https:\/\/mdcbuhmann.ch\/wp-content\/uploads\/2022\/09\/350x100-with-contour.png\",\"width\":894,\"height\":381,\"caption\":\"MDC Buhmann\"},\"image\":{\"@id\":\"https:\/\/mdcbuhmann.ch\/#\/schema\/logo\/image\/\"}}]}<\/script>\n<!-- \/ Yoast SEO plugin. -->","yoast_head_json":{"title":"Finanzierung und Gesch\u00e4ftsmodelle - MDC Buhmann","robots":{"index":"index","follow":"follow","max-snippet":"max-snippet:-1","max-image-preview":"max-image-preview:large","max-video-preview":"max-video-preview:-1"},"canonical":"https:\/\/mdcbuhmann.ch\/en\/solutions\/funding\/","og_locale":"en_US","og_type":"article","og_title":"Finanzierung und Gesch\u00e4ftsmodelle - MDC Buhmann","og_description":"Identifizierung von F\u00f6rderern und m\u00f6glicher \u00f6ffentlicher F\u00f6rderung, Erstellung projektspezifischer Gesch\u00e4ftsmodelle, Beantragung von F\u00f6rdermitteln Einwerben von \u00f6ffentlichen Forschungsmitteln F\u00fcr KMU ist...","og_url":"https:\/\/mdcbuhmann.ch\/en\/solutions\/funding\/","og_site_name":"MDC Buhmann","article_modified_time":"2023-05-02T10:36:33+00:00","og_image":[{"url":"https:\/\/mdcbuhmann.ch\/wp-content\/uploads\/2023\/01\/CROWDFUNDING.png"}],"twitter_card":"summary_large_image","twitter_misc":{"Est. reading time":"2 minutes"},"schema":{"@context":"https:\/\/schema.org","@graph":[{"@type":"WebPage","@id":"https:\/\/mdcbuhmann.ch\/solutions\/funding\/","url":"https:\/\/mdcbuhmann.ch\/solutions\/funding\/","name":"Finanzierung und Gesch\u00e4ftsmodelle - MDC Buhmann","isPartOf":{"@id":"https:\/\/mdcbuhmann.ch\/#website"},"primaryImageOfPage":{"@id":"https:\/\/mdcbuhmann.ch\/solutions\/funding\/#primaryimage"},"image":{"@id":"https:\/\/mdcbuhmann.ch\/solutions\/funding\/#primaryimage"},"thumbnailUrl":"https:\/\/mdcbuhmann.ch\/wp-content\/uploads\/2023\/01\/CROWDFUNDING.png","datePublished":"2022-10-25T12:06:14+00:00","dateModified":"2023-05-02T10:36:33+00:00","breadcrumb":{"@id":"https:\/\/mdcbuhmann.ch\/solutions\/funding\/#breadcrumb"},"inLanguage":"en-US","potentialAction":[{"@type":"ReadAction","target":["https:\/\/mdcbuhmann.ch\/solutions\/funding\/"]}]},{"@type":"ImageObject","inLanguage":"en-US","@id":"https:\/\/mdcbuhmann.ch\/solutions\/funding\/#primaryimage","url":"https:\/\/mdcbuhmann.ch\/wp-content\/uploads\/2023\/01\/CROWDFUNDING.png","contentUrl":"https:\/\/mdcbuhmann.ch\/wp-content\/uploads\/2023\/01\/CROWDFUNDING.png"},{"@type":"BreadcrumbList","@id":"https:\/\/mdcbuhmann.ch\/solutions\/funding\/#breadcrumb","itemListElement":[{"@type":"ListItem","position":1,"name":"Home","item":"https:\/\/mdcbuhmann.ch\/"},{"@type":"ListItem","position":2,"name":"Solutions","item":"https:\/\/mdcbuhmann.ch\/solutions\/"},{"@type":"ListItem","position":3,"name":"Finanzierung und Gesch\u00e4ftsmodelle"}]},{"@type":"WebSite","@id":"https:\/\/mdcbuhmann.ch\/#website","url":"https:\/\/mdcbuhmann.ch\/","name":"MDC Buhmann","description":"Medical Device Consulting","publisher":{"@id":"https:\/\/mdcbuhmann.ch\/#organization"},"potentialAction":[{"@type":"SearchAction","target":{"@type":"EntryPoint","urlTemplate":"https:\/\/mdcbuhmann.ch\/?s={search_term_string}"},"query-input":"required name=search_term_string"}],"inLanguage":"en-US"},{"@type":"Organization","@id":"https:\/\/mdcbuhmann.ch\/#organization","name":"MDC Buhmann","url":"https:\/\/mdcbuhmann.ch\/","logo":{"@type":"ImageObject","inLanguage":"en-US","@id":"https:\/\/mdcbuhmann.ch\/#\/schema\/logo\/image\/","url":"https:\/\/mdcbuhmann.ch\/wp-content\/uploads\/2022\/09\/350x100-with-contour.png","contentUrl":"https:\/\/mdcbuhmann.ch\/wp-content\/uploads\/2022\/09\/350x100-with-contour.png","width":894,"height":381,"caption":"MDC Buhmann"},"image":{"@id":"https:\/\/mdcbuhmann.ch\/#\/schema\/logo\/image\/"}}]}},"_links":{"self":[{"href":"https:\/\/mdcbuhmann.ch\/en\/wp-json\/wp\/v2\/pages\/5892"}],"collection":[{"href":"https:\/\/mdcbuhmann.ch\/en\/wp-json\/wp\/v2\/pages"}],"about":[{"href":"https:\/\/mdcbuhmann.ch\/en\/wp-json\/wp\/v2\/types\/page"}],"author":[{"embeddable":true,"href":"https:\/\/mdcbuhmann.ch\/en\/wp-json\/wp\/v2\/users\/1"}],"replies":[{"embeddable":true,"href":"https:\/\/mdcbuhmann.ch\/en\/wp-json\/wp\/v2\/comments?post=5892"}],"version-history":[{"count":52,"href":"https:\/\/mdcbuhmann.ch\/en\/wp-json\/wp\/v2\/pages\/5892\/revisions"}],"predecessor-version":[{"id":990173,"href":"https:\/\/mdcbuhmann.ch\/en\/wp-json\/wp\/v2\/pages\/5892\/revisions\/990173"}],"up":[{"embeddable":true,"href":"https:\/\/mdcbuhmann.ch\/en\/wp-json\/wp\/v2\/pages\/6872"}],"wp:attachment":[{"href":"https:\/\/mdcbuhmann.ch\/en\/wp-json\/wp\/v2\/media?parent=5892"}],"curies":[{"name":"wp","href":"https:\/\/api.w.org\/{rel}","templated":true}]}}