{"id":2217,"date":"2022-10-09T23:21:22","date_gmt":"2022-10-09T23:21:22","guid":{"rendered":"https:\/\/konstruktion.vamtam.com\/?page_id=2217"},"modified":"2023-01-11T19:25:10","modified_gmt":"2023-01-11T19:25:10","slug":"vision","status":"publish","type":"page","link":"https:\/\/mdcbuhmann.ch\/en\/ueber-mdc\/vision\/","title":{"rendered":"Vision &#038; Mission"},"content":{"rendered":"<div data-elementor-type=\"wp-page\" data-elementor-id=\"2217\" class=\"elementor elementor-2217\">\n\t\t\t\t\t\t<section class=\"elementor-section elementor-top-section elementor-element elementor-element-8bb17cb elementor-section-boxed elementor-section-height-default elementor-section-height-default\" data-id=\"8bb17cb\" data-element_type=\"section\">\n\t\t\t\t\t\t<div class=\"elementor-container elementor-column-gap-no\">\n\t\t\t\t\t<div class=\"elementor-column elementor-col-50 elementor-top-column elementor-element elementor-element-7063192\" data-id=\"7063192\" data-element_type=\"column\">\n\t\t\t<div class=\"elementor-widget-wrap elementor-element-populated\">\n\t\t\t\t\t\t<div class=\"elementor-element elementor-element-7983d10 elementor-position-right elementor-widget__width-auto elementor-mobile-position-right elementor-widget-mobile__width-auto elementor-vertical-align-middle elementor-view-default elementor-invisible elementor-widget elementor-widget-icon-box\" data-id=\"7983d10\" data-element_type=\"widget\" data-settings=\"{&quot;_animation&quot;:&quot;slideInUp&quot;,&quot;_animation_tablet&quot;:&quot;none&quot;}\" data-widget_type=\"icon-box.default\">\n\t\t\t\t<div class=\"elementor-widget-container\">\n\t\t\t\t\t\t\t<div class=\"elementor-icon-box-wrapper\">\n\n\t\t\t\t\t\t<div class=\"elementor-icon-box-icon\">\n\t\t\t\t<span  class=\"elementor-icon\">\n\t\t\t\t<i aria-hidden=\"true\" class=\"vamtamtheme- vamtam-theme-line-titles\"><\/i>\t\t\t\t<\/span>\n\t\t\t<\/div>\n\t\t\t\n\t\t\t\n\t\t<\/div>\n\t\t\t\t\t\t<\/div>\n\t\t\t\t<\/div>\n\t\t\t\t<div class=\"elementor-element elementor-element-47de5a4 elementor-widget-divider--view-line elementor-widget elementor-widget-divider\" data-id=\"47de5a4\" data-element_type=\"widget\" data-widget_type=\"divider.default\">\n\t\t\t\t<div class=\"elementor-widget-container\">\n\t\t\t\t\t\t\t<div class=\"elementor-divider\">\n\t\t\t<span class=\"elementor-divider-separator\">\n\t\t\t\t\t\t<\/span>\n\t\t<\/div>\n\t\t\t\t\t\t<\/div>\n\t\t\t\t<\/div>\n\t\t\t\t\t<\/div>\n\t\t<\/div>\n\t\t\t\t<div class=\"elementor-column elementor-col-50 elementor-top-column elementor-element elementor-element-3252bd2\" data-id=\"3252bd2\" data-element_type=\"column\">\n\t\t\t<div class=\"elementor-widget-wrap elementor-element-populated\">\n\t\t\t\t\t\t\t<\/div>\n\t\t<\/div>\n\t\t\t\t\t<\/div>\n\t\t<\/section>\n\t\t<div class=\"elementor-element elementor-element-c458ec3 e-flex e-con-boxed e-con e-parent\" data-id=\"c458ec3\" data-element_type=\"container\" data-settings=\"{&quot;background_background&quot;:&quot;classic&quot;}\">\n\t\t\t\t\t<div class=\"e-con-inner\">\n\t\t<div class=\"elementor-element elementor-element-3409a52 e-flex e-con-boxed e-con e-parent\" data-id=\"3409a52\" data-element_type=\"container\">\n\t\t\t\t\t<div class=\"e-con-inner\">\n\t\t\t\t<div class=\"elementor-element elementor-element-4887c6d elementor-widget__width-initial elementor-hidden-tablet elementor-hidden-mobile elementor-widget elementor-widget-image\" data-id=\"4887c6d\" data-element_type=\"widget\" data-widget_type=\"image.default\">\n\t\t\t\t<div class=\"elementor-widget-container\">\n\t\t\t\t\t\t\t\t\t\t\t\t\t\t\t<img fetchpriority=\"high\" decoding=\"async\" width=\"300\" height=\"287\" src=\"https:\/\/mdcbuhmann.ch\/wp-content\/uploads\/2023\/01\/values-and-co-300x287.png\" class=\"attachment-medium size-medium wp-image-989096\" alt=\"\" srcset=\"https:\/\/mdcbuhmann.ch\/wp-content\/uploads\/2023\/01\/values-and-co-300x287.png 300w, https:\/\/mdcbuhmann.ch\/wp-content\/uploads\/2023\/01\/values-and-co.png 713w\" sizes=\"(max-width: 300px) 100vw, 300px\" \/>\t\t\t\t\t\t\t\t\t\t\t\t\t\t\t<\/div>\n\t\t\t\t<\/div>\n\t\t\t\t\t<\/div>\n\t\t\t\t<\/div>\n\t\t<div class=\"elementor-element elementor-element-f41470d e-flex e-con-boxed e-con e-parent\" data-id=\"f41470d\" data-element_type=\"container\">\n\t\t\t\t\t<div class=\"e-con-inner\">\n\t\t\t\t<div class=\"elementor-element elementor-element-5fe27bd elementor-position-right elementor-widget__width-auto elementor-mobile-position-right elementor-widget-mobile__width-auto elementor-vertical-align-middle elementor-view-default elementor-invisible elementor-widget elementor-widget-icon-box\" data-id=\"5fe27bd\" data-element_type=\"widget\" data-settings=\"{&quot;_animation&quot;:&quot;slideInUp&quot;,&quot;_animation_tablet&quot;:&quot;none&quot;}\" data-widget_type=\"icon-box.default\">\n\t\t\t\t<div class=\"elementor-widget-container\">\n\t\t\t\t\t\t\t<div class=\"elementor-icon-box-wrapper\">\n\n\t\t\t\t\t\t<div class=\"elementor-icon-box-icon\">\n\t\t\t\t<span  class=\"elementor-icon\">\n\t\t\t\t<i aria-hidden=\"true\" class=\"vamtamtheme- vamtam-theme-line-titles\"><\/i>\t\t\t\t<\/span>\n\t\t\t<\/div>\n\t\t\t\n\t\t\t\t\t\t<div class=\"elementor-icon-box-content\">\n\n\t\t\t\t\t\t\t\t\t<span class=\"elementor-icon-box-title\">\n\t\t\t\t\t\t<span  >\n\t\t\t\t\t\t\tOur  vision\t\t\t\t\t\t<\/span>\n\t\t\t\t\t<\/span>\n\t\t\t\t\n\t\t\t\t\n\t\t\t<\/div>\n\t\t\t\n\t\t<\/div>\n\t\t\t\t\t\t<\/div>\n\t\t\t\t<\/div>\n\t\t\t\t<div class=\"elementor-element elementor-element-298a291 elementor-widget elementor-widget-heading\" data-id=\"298a291\" data-element_type=\"widget\" data-widget_type=\"heading.default\">\n\t\t\t\t<div class=\"elementor-widget-container\">\n\t\t\t\t\t<h4 class=\"elementor-heading-title elementor-size-default\">Facilitated compliance <br> through professional support<\/h4>\t\t\t\t<\/div>\n\t\t\t\t<\/div>\n\t\t\t\t<div class=\"elementor-element elementor-element-65e1bb6 elementor-widget elementor-widget-text-editor\" data-id=\"65e1bb6\" data-element_type=\"widget\" data-widget_type=\"text-editor.default\">\n\t\t\t\t<div class=\"elementor-widget-container\">\n\t\t\t\t\t\t\t\t\t<h5><span style=\"color: #ffffff;\">Efficiency through expert study planning, management and evaluation: Results can be integrated into the technical documentation in a comprehensible way without much effort.<\/span><\/h5>\t\t\t\t\t\t\t\t<\/div>\n\t\t\t\t<\/div>\n\t\t\t\t\t<\/div>\n\t\t\t\t<\/div>\n\t\t<div class=\"elementor-element elementor-element-e26164c e-flex e-con-boxed e-con e-parent\" data-id=\"e26164c\" data-element_type=\"container\">\n\t\t\t\t\t<div class=\"e-con-inner\">\n\t\t\t\t<div class=\"elementor-element elementor-element-84ba5c1 elementor-position-right elementor-widget__width-auto elementor-mobile-position-right elementor-widget-mobile__width-auto elementor-vertical-align-middle elementor-view-default elementor-invisible elementor-widget elementor-widget-icon-box\" data-id=\"84ba5c1\" data-element_type=\"widget\" data-settings=\"{&quot;_animation&quot;:&quot;slideInUp&quot;,&quot;_animation_tablet&quot;:&quot;none&quot;}\" data-widget_type=\"icon-box.default\">\n\t\t\t\t<div class=\"elementor-widget-container\">\n\t\t\t\t\t\t\t<div class=\"elementor-icon-box-wrapper\">\n\n\t\t\t\t\t\t<div class=\"elementor-icon-box-icon\">\n\t\t\t\t<span  class=\"elementor-icon\">\n\t\t\t\t<i aria-hidden=\"true\" class=\"vamtamtheme- vamtam-theme-line-titles\"><\/i>\t\t\t\t<\/span>\n\t\t\t<\/div>\n\t\t\t\n\t\t\t\t\t\t<div class=\"elementor-icon-box-content\">\n\n\t\t\t\t\t\t\t\t\t<span class=\"elementor-icon-box-title\">\n\t\t\t\t\t\t<span  >\n\t\t\t\t\t\t\tOur mission\t\t\t\t\t\t<\/span>\n\t\t\t\t\t<\/span>\n\t\t\t\t\n\t\t\t\t\n\t\t\t<\/div>\n\t\t\t\n\t\t<\/div>\n\t\t\t\t\t\t<\/div>\n\t\t\t\t<\/div>\n\t\t\t\t<div class=\"elementor-element elementor-element-39238d2 elementor-widget elementor-widget-heading\" data-id=\"39238d2\" data-element_type=\"widget\" data-widget_type=\"heading.default\">\n\t\t\t\t<div class=\"elementor-widget-container\">\n\t\t\t\t\t<h4 class=\"elementor-heading-title elementor-size-default\">We provide time <br>for <br>more important tasks.<\/h4>\t\t\t\t<\/div>\n\t\t\t\t<\/div>\n\t\t\t\t<div class=\"elementor-element elementor-element-e6cd67c elementor-widget elementor-widget-text-editor\" data-id=\"e6cd67c\" data-element_type=\"widget\" data-widget_type=\"text-editor.default\">\n\t\t\t\t<div class=\"elementor-widget-container\">\n\t\t\t\t\t\t\t\t\t<h5><span style=\"color: #ffffff;\">You save time in planning, managing and evaluating the study, as well as in communicating with external testing laboratories.<\/span><\/h5>\t\t\t\t\t\t\t\t<\/div>\n\t\t\t\t<\/div>\n\t\t\t\t\t<\/div>\n\t\t\t\t<\/div>\n\t\t<div class=\"elementor-element elementor-element-b98602a e-flex e-con-boxed e-con e-parent\" data-id=\"b98602a\" data-element_type=\"container\">\n\t\t\t\t\t<div class=\"e-con-inner\">\n\t\t\t\t<div class=\"elementor-element elementor-element-5e0e6f0 elementor-position-right elementor-widget__width-auto elementor-mobile-position-right elementor-widget-mobile__width-auto elementor-vertical-align-middle elementor-view-default elementor-invisible elementor-widget elementor-widget-icon-box\" data-id=\"5e0e6f0\" data-element_type=\"widget\" data-settings=\"{&quot;_animation&quot;:&quot;slideInUp&quot;,&quot;_animation_tablet&quot;:&quot;none&quot;}\" data-widget_type=\"icon-box.default\">\n\t\t\t\t<div class=\"elementor-widget-container\">\n\t\t\t\t\t\t\t<div class=\"elementor-icon-box-wrapper\">\n\n\t\t\t\t\t\t<div class=\"elementor-icon-box-icon\">\n\t\t\t\t<span  class=\"elementor-icon\">\n\t\t\t\t<i aria-hidden=\"true\" class=\"vamtamtheme- vamtam-theme-line-titles\"><\/i>\t\t\t\t<\/span>\n\t\t\t<\/div>\n\t\t\t\n\t\t\t\t\t\t<div class=\"elementor-icon-box-content\">\n\n\t\t\t\t\t\t\t\t\t<span class=\"elementor-icon-box-title\">\n\t\t\t\t\t\t<span  >\n\t\t\t\t\t\t\tOur values\t\t\t\t\t\t<\/span>\n\t\t\t\t\t<\/span>\n\t\t\t\t\n\t\t\t\t\n\t\t\t<\/div>\n\t\t\t\n\t\t<\/div>\n\t\t\t\t\t\t<\/div>\n\t\t\t\t<\/div>\n\t\t\t\t<div class=\"elementor-element elementor-element-3c90cce elementor-widget elementor-widget-heading\" data-id=\"3c90cce\" data-element_type=\"widget\" data-widget_type=\"heading.default\">\n\t\t\t\t<div class=\"elementor-widget-container\">\n\t\t\t\t\t<h4 class=\"elementor-heading-title elementor-size-default\">Integrity.<br> Professionalism.<br> Diligence.<\/h4>\t\t\t\t<\/div>\n\t\t\t\t<\/div>\n\t\t\t\t<div class=\"elementor-element elementor-element-d620ed3 elementor-widget elementor-widget-text-editor\" data-id=\"d620ed3\" data-element_type=\"widget\" data-widget_type=\"text-editor.default\">\n\t\t\t\t<div class=\"elementor-widget-container\">\n\t\t\t\t\t\t\t\t\t<h5><span style=\"color: #ffffff;\">We work for sustainable customer relationships that are created on the basis of trust.\u00a0<\/span><\/h5>\t\t\t\t\t\t\t\t<\/div>\n\t\t\t\t<\/div>\n\t\t\t\t\t<\/div>\n\t\t\t\t<\/div>\n\t\t\t\t\t<\/div>\n\t\t\t\t<\/div>\n\t\t<div class=\"elementor-element elementor-element-eb129fb e-flex e-con-boxed e-con e-parent\" data-id=\"eb129fb\" data-element_type=\"container\">\n\t\t\t\t\t<div class=\"e-con-inner\">\n\t\t\t\t<div class=\"elementor-element elementor-element-b3c2637 elementor-widget elementor-widget-spacer\" data-id=\"b3c2637\" data-element_type=\"widget\" data-widget_type=\"spacer.default\">\n\t\t\t\t<div class=\"elementor-widget-container\">\n\t\t\t\t\t\t\t<div class=\"elementor-spacer\">\n\t\t\t<div class=\"elementor-spacer-inner\"><\/div>\n\t\t<\/div>\n\t\t\t\t\t\t<\/div>\n\t\t\t\t<\/div>\n\t\t\t\t<div class=\"elementor-element elementor-element-6d887e9 elementor-widget elementor-widget-heading\" data-id=\"6d887e9\" data-element_type=\"widget\" data-widget_type=\"heading.default\">\n\t\t\t\t<div class=\"elementor-widget-container\">\n\t\t\t\t\t<h3 class=\"elementor-heading-title elementor-size-default\">What MDC would like to achieve<\/h3>\t\t\t\t<\/div>\n\t\t\t\t<\/div>\n\t\t\t\t<div class=\"elementor-element elementor-element-dd76ded elementor-widget__width-initial elementor-widget elementor-widget-text-editor\" data-id=\"dd76ded\" data-element_type=\"widget\" data-widget_type=\"text-editor.default\">\n\t\t\t\t<div class=\"elementor-widget-container\">\n\t\t\t\t\t\t\t\t\t<h5 style=\"font-weight: 400;\">The requirements of the MDR pose challenges for companies due to the increased testing and documentation effort.<\/h5><h5 style=\"font-weight: 400;\">MDC assists with<\/h5><h5 style=\"font-weight: 400;\">- maintaining an overview of regulatory and quality management requirements.<\/h5><h5 style=\"font-weight: 400;\">- planning, performing, evaluating and documenting tests professionally. This saves time and increases the quality of the technical documentation.<\/h5><h5 style=\"font-weight: 400;\">- preparing of marketing-relevant studies or communications<\/h5><h5 style=\"font-weight: 400;\">- developing innovative products and adopting a new perspective<\/h5>\t\t\t\t\t\t\t\t<\/div>\n\t\t\t\t<\/div>\n\t\t\t\t\t<\/div>\n\t\t\t\t<\/div>\n\t\t<div class=\"elementor-element elementor-element-e87bbcb e-flex e-con-boxed e-con e-parent\" data-id=\"e87bbcb\" data-element_type=\"container\">\n\t\t\t\t\t<div class=\"e-con-inner\">\n\t\t\t\t<div class=\"elementor-element elementor-element-697b819 elementor-widget elementor-widget-spacer\" data-id=\"697b819\" data-element_type=\"widget\" data-widget_type=\"spacer.default\">\n\t\t\t\t<div class=\"elementor-widget-container\">\n\t\t\t\t\t\t\t<div class=\"elementor-spacer\">\n\t\t\t<div class=\"elementor-spacer-inner\"><\/div>\n\t\t<\/div>\n\t\t\t\t\t\t<\/div>\n\t\t\t\t<\/div>\n\t\t\t\t<div class=\"elementor-element elementor-element-ac21e37 elementor-widget elementor-widget-heading\" data-id=\"ac21e37\" data-element_type=\"widget\" data-widget_type=\"heading.default\">\n\t\t\t\t<div class=\"elementor-widget-container\">\n\t\t\t\t\t<h3 class=\"elementor-heading-title elementor-size-default\">Your added value<\/h3>\t\t\t\t<\/div>\n\t\t\t\t<\/div>\n\t\t\t\t<div class=\"elementor-element elementor-element-51a1c73 elementor-widget__width-initial elementor-widget elementor-widget-text-editor\" data-id=\"51a1c73\" data-element_type=\"widget\" data-widget_type=\"text-editor.default\">\n\t\t\t\t<div class=\"elementor-widget-container\">\n\t\t\t\t\t\t\t\t\t<h5 style=\"font-weight: 400;\">The targeted outsourcing of individual projects frees up time for you to concentrate fully on achieving your business goals.<\/h5><h5 style=\"font-weight: 400;\">We help make and keep your product safe and performing: Solidly planned and well thought-out investigations avoid expensive additional work late in the development and marketing process.<\/h5><h5 style=\"font-weight: 400;\">Both patient and user are entitled to minimized product risks and proven product safety.<\/h5><h5 style=\"font-weight: 400;\">MDC helps identify solid and direct ways to demonstrate safety.<\/h5>\t\t\t\t\t\t\t\t<\/div>\n\t\t\t\t<\/div>\n\t\t\t\t\t<\/div>\n\t\t\t\t<\/div>\n\t\t<div class=\"elementor-element elementor-element-67e55fd e-flex e-con-boxed e-con e-parent\" data-id=\"67e55fd\" data-element_type=\"container\">\n\t\t\t\t\t<div class=\"e-con-inner\">\n\t\t\t\t<div class=\"elementor-element elementor-element-884fed0 elementor-widget elementor-widget-spacer\" data-id=\"884fed0\" data-element_type=\"widget\" data-widget_type=\"spacer.default\">\n\t\t\t\t<div class=\"elementor-widget-container\">\n\t\t\t\t\t\t\t<div class=\"elementor-spacer\">\n\t\t\t<div class=\"elementor-spacer-inner\"><\/div>\n\t\t<\/div>\n\t\t\t\t\t\t<\/div>\n\t\t\t\t<\/div>\n\t\t\t\t<div class=\"elementor-element elementor-element-744a6bd elementor-widget elementor-widget-heading\" data-id=\"744a6bd\" data-element_type=\"widget\" data-widget_type=\"heading.default\">\n\t\t\t\t<div class=\"elementor-widget-container\">\n\t\t\t\t\t<h3 class=\"elementor-heading-title elementor-size-default\">Commitment<\/h3>\t\t\t\t<\/div>\n\t\t\t\t<\/div>\n\t\t\t\t<div class=\"elementor-element elementor-element-c29af8b elementor-widget elementor-widget-text-editor\" data-id=\"c29af8b\" data-element_type=\"widget\" data-widget_type=\"text-editor.default\">\n\t\t\t\t<div class=\"elementor-widget-container\">\n\t\t\t\t\t\t\t\t\t<h5 style=\"font-weight: 400;\">- MDC is flexible, focused and innovative.<\/h5><h5 style=\"font-weight: 400;\">- Problem solver with focus.<\/h5><h5 style=\"font-weight: 400;\">- Project manager with determination.<\/h5><h5 style=\"font-weight: 400;\">- Team players with one goal in mind: to complete your project on time, on budget, and to your specifications.<\/h5>\t\t\t\t\t\t\t\t<\/div>\n\t\t\t\t<\/div>\n\t\t\t\t\t<\/div>\n\t\t\t\t<\/div>\n\t\t\t\t<\/div>","protected":false},"excerpt":{"rendered":"<p>Unsere Vision Erleichterte Compliance durch fachgerechte Unterst\u00fctzung Effizienz durch fachm\u00e4nnische Studienplanung, Management und Bewertung: Ergebnisse k\u00f6nnen ohne viel Aufwand nachvollziehbar&#8230;<\/p>","protected":false},"author":1,"featured_media":0,"parent":988957,"menu_order":0,"comment_status":"closed","ping_status":"closed","template":"","meta":{"footnotes":""},"yoast_head":"<!-- This site is optimized with the Yoast SEO plugin v22.6 - https:\/\/yoast.com\/wordpress\/plugins\/seo\/ -->\n<title>Vision &amp; Mission - MDC Buhmann<\/title>\n<meta name=\"robots\" content=\"index, follow, max-snippet:-1, max-image-preview:large, max-video-preview:-1\" \/>\n<link rel=\"canonical\" href=\"https:\/\/mdcbuhmann.ch\/en\/ueber-mdc\/vision\/\" \/>\n<meta property=\"og:locale\" content=\"en_US\" \/>\n<meta property=\"og:type\" content=\"article\" \/>\n<meta property=\"og:title\" content=\"Vision &amp; Mission - MDC Buhmann\" \/>\n<meta property=\"og:description\" content=\"Unsere Vision Erleichterte Compliance durch fachgerechte Unterst\u00fctzung Effizienz durch fachm\u00e4nnische Studienplanung, Management und Bewertung: Ergebnisse k\u00f6nnen ohne viel Aufwand nachvollziehbar...\" \/>\n<meta property=\"og:url\" content=\"https:\/\/mdcbuhmann.ch\/en\/ueber-mdc\/vision\/\" \/>\n<meta property=\"og:site_name\" content=\"MDC Buhmann\" \/>\n<meta property=\"article:modified_time\" content=\"2023-01-11T19:25:10+00:00\" \/>\n<meta property=\"og:image\" content=\"https:\/\/mdcbuhmann.ch\/wp-content\/uploads\/2023\/01\/values-and-co-300x287.png\" \/>\n<meta name=\"twitter:card\" content=\"summary_large_image\" \/>\n<meta name=\"twitter:label1\" content=\"Est. reading time\" \/>\n\t<meta name=\"twitter:data1\" content=\"2 minutes\" \/>\n<script type=\"application\/ld+json\" class=\"yoast-schema-graph\">{\"@context\":\"https:\/\/schema.org\",\"@graph\":[{\"@type\":\"WebPage\",\"@id\":\"https:\/\/mdcbuhmann.ch\/ueber-mdc\/vision\/\",\"url\":\"https:\/\/mdcbuhmann.ch\/ueber-mdc\/vision\/\",\"name\":\"Vision & Mission - MDC Buhmann\",\"isPartOf\":{\"@id\":\"https:\/\/mdcbuhmann.ch\/#website\"},\"primaryImageOfPage\":{\"@id\":\"https:\/\/mdcbuhmann.ch\/ueber-mdc\/vision\/#primaryimage\"},\"image\":{\"@id\":\"https:\/\/mdcbuhmann.ch\/ueber-mdc\/vision\/#primaryimage\"},\"thumbnailUrl\":\"https:\/\/mdcbuhmann.ch\/wp-content\/uploads\/2023\/01\/values-and-co-300x287.png\",\"datePublished\":\"2022-10-09T23:21:22+00:00\",\"dateModified\":\"2023-01-11T19:25:10+00:00\",\"breadcrumb\":{\"@id\":\"https:\/\/mdcbuhmann.ch\/ueber-mdc\/vision\/#breadcrumb\"},\"inLanguage\":\"en-US\",\"potentialAction\":[{\"@type\":\"ReadAction\",\"target\":[\"https:\/\/mdcbuhmann.ch\/ueber-mdc\/vision\/\"]}]},{\"@type\":\"ImageObject\",\"inLanguage\":\"en-US\",\"@id\":\"https:\/\/mdcbuhmann.ch\/ueber-mdc\/vision\/#primaryimage\",\"url\":\"https:\/\/mdcbuhmann.ch\/wp-content\/uploads\/2023\/01\/values-and-co-300x287.png\",\"contentUrl\":\"https:\/\/mdcbuhmann.ch\/wp-content\/uploads\/2023\/01\/values-and-co-300x287.png\"},{\"@type\":\"BreadcrumbList\",\"@id\":\"https:\/\/mdcbuhmann.ch\/ueber-mdc\/vision\/#breadcrumb\",\"itemListElement\":[{\"@type\":\"ListItem\",\"position\":1,\"name\":\"Home\",\"item\":\"https:\/\/mdcbuhmann.ch\/\"},{\"@type\":\"ListItem\",\"position\":2,\"name\":\"\u00dcber MDC\",\"item\":\"https:\/\/mdcbuhmann.ch\/ueber-mdc\/\"},{\"@type\":\"ListItem\",\"position\":3,\"name\":\"Vision &#038; Mission\"}]},{\"@type\":\"WebSite\",\"@id\":\"https:\/\/mdcbuhmann.ch\/#website\",\"url\":\"https:\/\/mdcbuhmann.ch\/\",\"name\":\"MDC Buhmann\",\"description\":\"Medical Device Consulting\",\"publisher\":{\"@id\":\"https:\/\/mdcbuhmann.ch\/#organization\"},\"potentialAction\":[{\"@type\":\"SearchAction\",\"target\":{\"@type\":\"EntryPoint\",\"urlTemplate\":\"https:\/\/mdcbuhmann.ch\/?s={search_term_string}\"},\"query-input\":\"required name=search_term_string\"}],\"inLanguage\":\"en-US\"},{\"@type\":\"Organization\",\"@id\":\"https:\/\/mdcbuhmann.ch\/#organization\",\"name\":\"MDC Buhmann\",\"url\":\"https:\/\/mdcbuhmann.ch\/\",\"logo\":{\"@type\":\"ImageObject\",\"inLanguage\":\"en-US\",\"@id\":\"https:\/\/mdcbuhmann.ch\/#\/schema\/logo\/image\/\",\"url\":\"https:\/\/mdcbuhmann.ch\/wp-content\/uploads\/2022\/09\/350x100-with-contour.png\",\"contentUrl\":\"https:\/\/mdcbuhmann.ch\/wp-content\/uploads\/2022\/09\/350x100-with-contour.png\",\"width\":894,\"height\":381,\"caption\":\"MDC Buhmann\"},\"image\":{\"@id\":\"https:\/\/mdcbuhmann.ch\/#\/schema\/logo\/image\/\"}}]}<\/script>\n<!-- \/ Yoast SEO plugin. -->","yoast_head_json":{"title":"Vision & Mission - MDC Buhmann","robots":{"index":"index","follow":"follow","max-snippet":"max-snippet:-1","max-image-preview":"max-image-preview:large","max-video-preview":"max-video-preview:-1"},"canonical":"https:\/\/mdcbuhmann.ch\/en\/ueber-mdc\/vision\/","og_locale":"en_US","og_type":"article","og_title":"Vision & Mission - MDC Buhmann","og_description":"Unsere Vision Erleichterte Compliance durch fachgerechte Unterst\u00fctzung Effizienz durch fachm\u00e4nnische Studienplanung, Management und Bewertung: Ergebnisse k\u00f6nnen ohne viel Aufwand nachvollziehbar...","og_url":"https:\/\/mdcbuhmann.ch\/en\/ueber-mdc\/vision\/","og_site_name":"MDC Buhmann","article_modified_time":"2023-01-11T19:25:10+00:00","og_image":[{"url":"https:\/\/mdcbuhmann.ch\/wp-content\/uploads\/2023\/01\/values-and-co-300x287.png"}],"twitter_card":"summary_large_image","twitter_misc":{"Est. reading time":"2 minutes"},"schema":{"@context":"https:\/\/schema.org","@graph":[{"@type":"WebPage","@id":"https:\/\/mdcbuhmann.ch\/ueber-mdc\/vision\/","url":"https:\/\/mdcbuhmann.ch\/ueber-mdc\/vision\/","name":"Vision & Mission - MDC Buhmann","isPartOf":{"@id":"https:\/\/mdcbuhmann.ch\/#website"},"primaryImageOfPage":{"@id":"https:\/\/mdcbuhmann.ch\/ueber-mdc\/vision\/#primaryimage"},"image":{"@id":"https:\/\/mdcbuhmann.ch\/ueber-mdc\/vision\/#primaryimage"},"thumbnailUrl":"https:\/\/mdcbuhmann.ch\/wp-content\/uploads\/2023\/01\/values-and-co-300x287.png","datePublished":"2022-10-09T23:21:22+00:00","dateModified":"2023-01-11T19:25:10+00:00","breadcrumb":{"@id":"https:\/\/mdcbuhmann.ch\/ueber-mdc\/vision\/#breadcrumb"},"inLanguage":"en-US","potentialAction":[{"@type":"ReadAction","target":["https:\/\/mdcbuhmann.ch\/ueber-mdc\/vision\/"]}]},{"@type":"ImageObject","inLanguage":"en-US","@id":"https:\/\/mdcbuhmann.ch\/ueber-mdc\/vision\/#primaryimage","url":"https:\/\/mdcbuhmann.ch\/wp-content\/uploads\/2023\/01\/values-and-co-300x287.png","contentUrl":"https:\/\/mdcbuhmann.ch\/wp-content\/uploads\/2023\/01\/values-and-co-300x287.png"},{"@type":"BreadcrumbList","@id":"https:\/\/mdcbuhmann.ch\/ueber-mdc\/vision\/#breadcrumb","itemListElement":[{"@type":"ListItem","position":1,"name":"Home","item":"https:\/\/mdcbuhmann.ch\/"},{"@type":"ListItem","position":2,"name":"\u00dcber MDC","item":"https:\/\/mdcbuhmann.ch\/ueber-mdc\/"},{"@type":"ListItem","position":3,"name":"Vision &#038; Mission"}]},{"@type":"WebSite","@id":"https:\/\/mdcbuhmann.ch\/#website","url":"https:\/\/mdcbuhmann.ch\/","name":"MDC Buhmann","description":"Medical Device Consulting","publisher":{"@id":"https:\/\/mdcbuhmann.ch\/#organization"},"potentialAction":[{"@type":"SearchAction","target":{"@type":"EntryPoint","urlTemplate":"https:\/\/mdcbuhmann.ch\/?s={search_term_string}"},"query-input":"required name=search_term_string"}],"inLanguage":"en-US"},{"@type":"Organization","@id":"https:\/\/mdcbuhmann.ch\/#organization","name":"MDC Buhmann","url":"https:\/\/mdcbuhmann.ch\/","logo":{"@type":"ImageObject","inLanguage":"en-US","@id":"https:\/\/mdcbuhmann.ch\/#\/schema\/logo\/image\/","url":"https:\/\/mdcbuhmann.ch\/wp-content\/uploads\/2022\/09\/350x100-with-contour.png","contentUrl":"https:\/\/mdcbuhmann.ch\/wp-content\/uploads\/2022\/09\/350x100-with-contour.png","width":894,"height":381,"caption":"MDC Buhmann"},"image":{"@id":"https:\/\/mdcbuhmann.ch\/#\/schema\/logo\/image\/"}}]}},"_links":{"self":[{"href":"https:\/\/mdcbuhmann.ch\/en\/wp-json\/wp\/v2\/pages\/2217"}],"collection":[{"href":"https:\/\/mdcbuhmann.ch\/en\/wp-json\/wp\/v2\/pages"}],"about":[{"href":"https:\/\/mdcbuhmann.ch\/en\/wp-json\/wp\/v2\/types\/page"}],"author":[{"embeddable":true,"href":"https:\/\/mdcbuhmann.ch\/en\/wp-json\/wp\/v2\/users\/1"}],"replies":[{"embeddable":true,"href":"https:\/\/mdcbuhmann.ch\/en\/wp-json\/wp\/v2\/comments?post=2217"}],"version-history":[{"count":61,"href":"https:\/\/mdcbuhmann.ch\/en\/wp-json\/wp\/v2\/pages\/2217\/revisions"}],"predecessor-version":[{"id":989717,"href":"https:\/\/mdcbuhmann.ch\/en\/wp-json\/wp\/v2\/pages\/2217\/revisions\/989717"}],"up":[{"embeddable":true,"href":"https:\/\/mdcbuhmann.ch\/en\/wp-json\/wp\/v2\/pages\/988957"}],"wp:attachment":[{"href":"https:\/\/mdcbuhmann.ch\/en\/wp-json\/wp\/v2\/media?parent=2217"}],"curies":[{"name":"wp","href":"https:\/\/api.w.org\/{rel}","templated":true}]}}