{"id":1155,"date":"2022-09-13T13:27:32","date_gmt":"2022-09-13T13:27:32","guid":{"rendered":"https:\/\/konstruktion.vamtam.com\/?page_id=1155"},"modified":"2023-10-11T19:59:14","modified_gmt":"2023-10-11T19:59:14","slug":"datenschutz","status":"publish","type":"page","link":"https:\/\/mdcbuhmann.ch\/en\/datenschutz\/","title":{"rendered":"Privacy policy"},"content":{"rendered":"<div data-elementor-type=\"wp-page\" data-elementor-id=\"1155\" class=\"elementor elementor-1155\">\n\t\t\t\t\t\t<section class=\"elementor-section elementor-top-section elementor-element elementor-element-f7be61b elementor-section-boxed elementor-section-height-default elementor-section-height-default\" data-id=\"f7be61b\" data-element_type=\"section\">\n\t\t\t\t\t\t<div class=\"elementor-container elementor-column-gap-no\">\n\t\t\t\t\t<div class=\"elementor-column elementor-col-100 elementor-top-column elementor-element elementor-element-4b13d00\" data-id=\"4b13d00\" data-element_type=\"column\">\n\t\t\t<div class=\"elementor-widget-wrap elementor-element-populated\">\n\t\t\t\t\t\t<div class=\"elementor-element elementor-element-1ad8634 elementor-position-right elementor-widget__width-auto elementor-mobile-position-right elementor-widget-mobile__width-auto elementor-vertical-align-middle elementor-view-default elementor-invisible elementor-widget elementor-widget-icon-box\" data-id=\"1ad8634\" data-element_type=\"widget\" data-settings=\"{&quot;_animation&quot;:&quot;slideInUp&quot;}\" data-widget_type=\"icon-box.default\">\n\t\t\t\t<div class=\"elementor-widget-container\">\n\t\t\t\t\t\t\t<div class=\"elementor-icon-box-wrapper\">\n\n\t\t\t\t\t\t<div class=\"elementor-icon-box-icon\">\n\t\t\t\t<span  class=\"elementor-icon\">\n\t\t\t\t<i aria-hidden=\"true\" class=\"vamtamtheme- vamtam-theme-line-titles\"><\/i>\t\t\t\t<\/span>\n\t\t\t<\/div>\n\t\t\t\n\t\t\t\n\t\t<\/div>\n\t\t\t\t\t\t<\/div>\n\t\t\t\t<\/div>\n\t\t\t\t<div class=\"elementor-element elementor-element-253c4c8 elementor-widget-divider--view-line elementor-widget elementor-widget-divider\" data-id=\"253c4c8\" data-element_type=\"widget\" data-widget_type=\"divider.default\">\n\t\t\t\t<div class=\"elementor-widget-container\">\n\t\t\t\t\t\t\t<div class=\"elementor-divider\">\n\t\t\t<span class=\"elementor-divider-separator\">\n\t\t\t\t\t\t<\/span>\n\t\t<\/div>\n\t\t\t\t\t\t<\/div>\n\t\t\t\t<\/div>\n\t\t\t\t\t<\/div>\n\t\t<\/div>\n\t\t\t\t\t<\/div>\n\t\t<\/section>\n\t\t<div class=\"elementor-element elementor-element-c1a9131 e-flex e-con-boxed e-con e-parent\" data-id=\"c1a9131\" data-element_type=\"container\" data-settings=\"{&quot;background_background&quot;:&quot;classic&quot;}\">\n\t\t\t\t\t<div class=\"e-con-inner\">\n\t\t<div class=\"elementor-element elementor-element-e5ca88e e-flex e-con-boxed e-con e-parent\" data-id=\"e5ca88e\" data-element_type=\"container\">\n\t\t\t\t\t<div class=\"e-con-inner\">\n\t\t\t\t<div class=\"elementor-element elementor-element-fb6df76 elementor-widget elementor-widget-heading\" data-id=\"fb6df76\" data-element_type=\"widget\" data-widget_type=\"heading.default\">\n\t\t\t\t<div class=\"elementor-widget-container\">\n\t\t\t\t\t<h4 class=\"elementor-heading-title elementor-size-default\">Fundamentals<\/h4>\t\t\t\t<\/div>\n\t\t\t\t<\/div>\n\t\t\t\t<div class=\"elementor-element elementor-element-03bbf51 elementor-widget elementor-widget-text-editor\" data-id=\"03bbf51\" data-element_type=\"widget\" data-widget_type=\"text-editor.default\">\n\t\t\t\t<div class=\"elementor-widget-container\">\n\t\t\t\t\t\t\t\t\t<p>The aim of this privacy statement is to inform the users of this website about the nature, scope and purpose of the collection and use of personal data by the operator of the website mdcbuhmann.ch. This website is subject to Swiss data protection legislation and, where applicable, the EU General Data Protection Regulation (GDPR). Swiss data protection law is recognized by the EU as an adequate level of data protection.<\/p>\t\t\t\t\t\t\t\t<\/div>\n\t\t\t\t<\/div>\n\t\t\t\t<div class=\"elementor-element elementor-element-ef3cb1f elementor-widget elementor-widget-heading\" data-id=\"ef3cb1f\" data-element_type=\"widget\" data-widget_type=\"heading.default\">\n\t\t\t\t<div class=\"elementor-widget-container\">\n\t\t\t\t\t<h4 class=\"elementor-heading-title elementor-size-default\">Personal data collection and processing<\/h4>\t\t\t\t<\/div>\n\t\t\t\t<\/div>\n\t\t\t\t<div class=\"elementor-element elementor-element-653ed94 elementor-widget elementor-widget-text-editor\" data-id=\"653ed94\" data-element_type=\"widget\" data-widget_type=\"text-editor.default\">\n\t\t\t\t<div class=\"elementor-widget-container\">\n\t\t\t\t\t\t\t\t\t<p>Personal data is processed exclusively on the basis of the statutory provisions.<br \/>Personal data is all information that can be used to find out your identity. This includes, among other things, your name, address, telephone number and e-mail address. The operator of the website collects, uses and discloses your personal data only if this is permitted by law or if you consent to the collection of data.<\/p><p>This website can also be visited without providing any personal information. However, in order to improve our online offer, we store (without personal reference) your access data to this website. This access data includes, for example, the file you requested or the name of your Internet provider. By anonymizing the data, it is not possible to draw conclusions about your person.<\/p><p>We need the collected personal data for the fulfillment of the contract (e.g. order, invoicing) and for contacting (customer service). If a newsletter has been subscribed to, the user's e-mail address is also used to send it. Your data will be collected, stored, processed and used for this purpose.<\/p><p>The legal basis for the processing of personal data is on the one hand the fulfillment of the contract (product orders), legitimate interests and on the other hand the consent of the user.<\/p><p>Personal data will be processed to the extent necessary. This is done for the duration required for the respective purpose or purposes, in particular for the duration of the entire business relationship (from the initiation and processing to the termination of a contract) as well as beyond that in accordance with legal or contractual retention and documentation obligations.\u00a0<\/p>\t\t\t\t\t\t\t\t<\/div>\n\t\t\t\t<\/div>\n\t\t\t\t<div class=\"elementor-element elementor-element-fdcce40 elementor-widget elementor-widget-heading\" data-id=\"fdcce40\" data-element_type=\"widget\" data-widget_type=\"heading.default\">\n\t\t\t\t<div class=\"elementor-widget-container\">\n\t\t\t\t\t<h4 class=\"elementor-heading-title elementor-size-default\">Contact form<\/h4>\t\t\t\t<\/div>\n\t\t\t\t<\/div>\n\t\t\t\t<div class=\"elementor-element elementor-element-e172904 elementor-widget elementor-widget-text-editor\" data-id=\"e172904\" data-element_type=\"widget\" data-widget_type=\"text-editor.default\">\n\t\t\t\t<div class=\"elementor-widget-container\">\n\t\t\t\t\t\t\t\t\t<p>If the contact form is filled out by the user of the website, the data entered will be stored until revoked by the user. This includes the first and last name of the user, telephone number and email address, as well as additional information provided by the user.<\/p>\t\t\t\t\t\t\t\t<\/div>\n\t\t\t\t<\/div>\n\t\t\t\t<div class=\"elementor-element elementor-element-7fac46c elementor-widget elementor-widget-heading\" data-id=\"7fac46c\" data-element_type=\"widget\" data-widget_type=\"heading.default\">\n\t\t\t\t<div class=\"elementor-widget-container\">\n\t\t\t\t\t<h4 class=\"elementor-heading-title elementor-size-default\">Rights of the website user<\/h4>\t\t\t\t<\/div>\n\t\t\t\t<\/div>\n\t\t\t\t<div class=\"elementor-element elementor-element-571f764 elementor-widget elementor-widget-text-editor\" data-id=\"571f764\" data-element_type=\"widget\" data-widget_type=\"text-editor.default\">\n\t\t\t\t<div class=\"elementor-widget-container\">\n\t\t\t\t\t\t\t\t\t<p>The user of the website is entitled to receive, upon request and free of charge, information about what personal data has been stored about him. He also has the right to rectification of incorrect data and to the restriction of processing or deletion of personal data. If applicable, may also assert right to data portability. If you believe that your data has been processed unlawfully, you may lodge a complaint with the competent supervisory authority.<\/p>\t\t\t\t\t\t\t\t<\/div>\n\t\t\t\t<\/div>\n\t\t\t\t<div class=\"elementor-element elementor-element-9bbe9f5 elementor-widget elementor-widget-heading\" data-id=\"9bbe9f5\" data-element_type=\"widget\" data-widget_type=\"heading.default\">\n\t\t\t\t<div class=\"elementor-widget-container\">\n\t\t\t\t\t<h4 class=\"elementor-heading-title elementor-size-default\">Data deletion<\/h4>\t\t\t\t<\/div>\n\t\t\t\t<\/div>\n\t\t\t\t<div class=\"elementor-element elementor-element-e59b7f2 elementor-widget elementor-widget-text-editor\" data-id=\"e59b7f2\" data-element_type=\"widget\" data-widget_type=\"text-editor.default\">\n\t\t\t\t<div class=\"elementor-widget-container\">\n\t\t\t\t\t\t\t\t\t<p>Provided that your wish to delete your data does not conflict with a legal obligation to retain data (e.g. data retention), you have a right to have your data deleted. Data stored by us will be deleted at your request if it is no longer required for its intended purpose and no legal retention periods apply. If deletion cannot be carried out because the data is required for permissible legal purposes, data processing will be restricted. In this case, the data will be blocked and not processed for other purposes.<\/p>\t\t\t\t\t\t\t\t<\/div>\n\t\t\t\t<\/div>\n\t\t\t\t<div class=\"elementor-element elementor-element-26f9984 elementor-widget elementor-widget-heading\" data-id=\"26f9984\" data-element_type=\"widget\" data-widget_type=\"heading.default\">\n\t\t\t\t<div class=\"elementor-widget-container\">\n\t\t\t\t\t<h4 class=\"elementor-heading-title elementor-size-default\">Right of objection<\/h4>\t\t\t\t<\/div>\n\t\t\t\t<\/div>\n\t\t\t\t<div class=\"elementor-element elementor-element-98a699a elementor-widget elementor-widget-text-editor\" data-id=\"98a699a\" data-element_type=\"widget\" data-widget_type=\"text-editor.default\">\n\t\t\t\t<div class=\"elementor-widget-container\">\n\t\t\t\t\t\t\t\t\t<p>Users of this website may exercise their right to object to the processing of their personal data at any time. If you wish to correct, block, delete or obtain information about the personal data stored about you or have questions regarding the collection, processing or use of your personal data or wish to revoke consents granted, please contact the following e-mail address: <a href=\"mailto:info@mdcbuhmann.com\">info@mdcbuhmann.com<\/a><\/p>\t\t\t\t\t\t\t\t<\/div>\n\t\t\t\t<\/div>\n\t\t\t\t<div class=\"elementor-element elementor-element-b7bd760 elementor-widget elementor-widget-heading\" data-id=\"b7bd760\" data-element_type=\"widget\" data-widget_type=\"heading.default\">\n\t\t\t\t<div class=\"elementor-widget-container\">\n\t\t\t\t\t<h4 class=\"elementor-heading-title elementor-size-default\">Data collection on the website<\/h4>\t\t\t\t<\/div>\n\t\t\t\t<\/div>\n\t\t\t\t<div class=\"elementor-element elementor-element-a5997db elementor-widget elementor-widget-text-editor\" data-id=\"a5997db\" data-element_type=\"widget\" data-widget_type=\"text-editor.default\">\n\t\t\t\t<div class=\"elementor-widget-container\">\n\t\t\t\t\t\t\t\t\t<p>We use logs for the statistical evaluation of website accesses. The following information is collected and stored until automatic deletion:<\/p><ul><li>IP-Address<\/li><li>Date and time of access<\/li><li>Name and URL of the retrieved file;<\/li><li>Website from which the access is made (referrer URL);<\/li><li>The browser used and, if applicable, the operating system of your computer as well as the name of your access provider.<\/li><\/ul><p>This data is collected and processed for internal statistical purposes and to ensure system security and its stability and is based on legitimate interests. <br \/><br \/><\/p>\t\t\t\t\t\t\t\t<\/div>\n\t\t\t\t<\/div>\n\t\t\t\t<div class=\"elementor-element elementor-element-55ca27a elementor-widget elementor-widget-text-editor\" data-id=\"55ca27a\" data-element_type=\"widget\" data-widget_type=\"text-editor.default\">\n\t\t\t\t<div class=\"elementor-widget-container\">\n\t\t\t\t\t\t\t\t\t<p>Data processing on this website is carried out by the following website operator:<br \/>hosttech GmbH<br \/>Datenschutzbeauftragter<br \/>Seestrasse 15a<br \/>8805 Richterswil<\/p><p>postfach@hosttech.ch<\/p><p>The website operator takes your privacy very seriously and treats your personal data confidentially and in accordance with the statutory provisions. Since new technologies and the constant further development of this website may result in changes to this data protection declaration, we recommend that you read through the data protection declaration again at regular intervals.<\/p><p>Definitions of the terms used (e.g. \"personal data\" or \"processing\") can be found in Art. 4 GDPR.<\/p>\t\t\t\t\t\t\t\t<\/div>\n\t\t\t\t<\/div>\n\t\t\t\t<div class=\"elementor-element elementor-element-e0c16e6 elementor-widget elementor-widget-heading\" data-id=\"e0c16e6\" data-element_type=\"widget\" data-widget_type=\"heading.default\">\n\t\t\t\t<div class=\"elementor-widget-container\">\n\t\t\t\t\t<h4 class=\"elementor-heading-title elementor-size-default\">Links to other websites<\/h4>\t\t\t\t<\/div>\n\t\t\t\t<\/div>\n\t\t\t\t<div class=\"elementor-element elementor-element-895c046 elementor-widget elementor-widget-text-editor\" data-id=\"895c046\" data-element_type=\"widget\" data-widget_type=\"text-editor.default\">\n\t\t\t\t<div class=\"elementor-widget-container\">\n\t\t\t\t\t\t\t\t\t<p>The website contains links to other websites. The operator of this website has no influence on whether their operators comply with data protection regulations.<\/p>\t\t\t\t\t\t\t\t<\/div>\n\t\t\t\t<\/div>\n\t\t\t\t<div class=\"elementor-element elementor-element-5452de0 elementor-widget elementor-widget-heading\" data-id=\"5452de0\" data-element_type=\"widget\" data-widget_type=\"heading.default\">\n\t\t\t\t<div class=\"elementor-widget-container\">\n\t\t\t\t\t<h4 class=\"elementor-heading-title elementor-size-default\">Third-party services<\/h4>\t\t\t\t<\/div>\n\t\t\t\t<\/div>\n\t\t\t\t<div class=\"elementor-element elementor-element-7906b4b elementor-widget elementor-widget-text-editor\" data-id=\"7906b4b\" data-element_type=\"widget\" data-widget_type=\"text-editor.default\">\n\t\t\t\t<div class=\"elementor-widget-container\">\n\t\t\t\t\t\t\t\t\t<p>In order to improve the Internet offer and to obtain information about the use of our Internet pages, the operator uses various services of third parties. The operator's partners have undertaken to comply with the applicable data protection regulations vis-\u00e0-vis the operator. Order processing contracts have been concluded in accordance with Art 9 DSG. You can find more information about the order processors commissioned by us under <a href=\"mailto:info@mdcbuhmann.ch\">info@mdcbuhmann.ch<\/a> anfragen.<\/p>\t\t\t\t\t\t\t\t<\/div>\n\t\t\t\t<\/div>\n\t\t\t\t<div class=\"elementor-element elementor-element-92db34f elementor-widget elementor-widget-heading\" data-id=\"92db34f\" data-element_type=\"widget\" data-widget_type=\"heading.default\">\n\t\t\t\t<div class=\"elementor-widget-container\">\n\t\t\t\t\t<h5 class=\"elementor-heading-title elementor-size-default\">Google Analytics<\/h5>\t\t\t\t<\/div>\n\t\t\t\t<\/div>\n\t\t\t\t<div class=\"elementor-element elementor-element-09e55aa elementor-widget elementor-widget-text-editor\" data-id=\"09e55aa\" data-element_type=\"widget\" data-widget_type=\"text-editor.default\">\n\t\t\t\t<div class=\"elementor-widget-container\">\n\t\t\t\t\t\t\t\t\t<p>Google Analytics uses cookies that enable an analysis of the use of our services. The information generated by the cookie is usually transferred to a Google server in the USA and stored there. Google will use this information on our behalf for the purpose of evaluating your use of the website, compiling reports on website activity and providing other services relating to website activity and internet usage. The IP address transmitted by your browser as part of Google Analytics will not be merged with other data from Google. You can prevent cookies from being saved (see \"Cookies\").<\/p>\t\t\t\t\t\t\t\t<\/div>\n\t\t\t\t<\/div>\n\t\t\t\t<div class=\"elementor-element elementor-element-4209ba3 elementor-widget elementor-widget-heading\" data-id=\"4209ba3\" data-element_type=\"widget\" data-widget_type=\"heading.default\">\n\t\t\t\t<div class=\"elementor-widget-container\">\n\t\t\t\t\t<h5 class=\"elementor-heading-title elementor-size-default\">Google Web Fonts<\/h5>\t\t\t\t<\/div>\n\t\t\t\t<\/div>\n\t\t\t\t<div class=\"elementor-element elementor-element-af95418 elementor-widget elementor-widget-text-editor\" data-id=\"af95418\" data-element_type=\"widget\" data-widget_type=\"text-editor.default\">\n\t\t\t\t<div class=\"elementor-widget-container\">\n\t\t\t\t\t\t\t\t\t<p>For the uniform display of fonts, we use web fonts from Google. When you call up a page, your browser loads the required web fonts into your browser cache in order to display texts and fonts correctly. For this purpose, your browser connects to Google's servers. In this way, Google learns that our website has been accessed via your IP address. If your browser does not support web fonts, a standard font from your computer will be used.<\/p>\t\t\t\t\t\t\t\t<\/div>\n\t\t\t\t<\/div>\n\t\t\t\t\t<\/div>\n\t\t\t\t<\/div>\n\t\t\t\t\t<\/div>\n\t\t\t\t<\/div>\n\t\t\t\t<\/div>","protected":false},"excerpt":{"rendered":"<p>Rechtsgrundlage und Grunds\u00e4tzliches Ziel dieser Datenschutzerkl\u00e4rung ist, die Nutzer dieser Website \u00fcber die Art, den Umfang und den Zweck der&#8230;<\/p>","protected":false},"author":1,"featured_media":0,"parent":0,"menu_order":0,"comment_status":"closed","ping_status":"closed","template":"","meta":{"footnotes":""},"yoast_head":"<!-- This site is optimized with the Yoast SEO plugin v22.6 - https:\/\/yoast.com\/wordpress\/plugins\/seo\/ -->\n<title>Datenschutzerkl\u00e4rung - MDC Buhmann<\/title>\n<meta name=\"robots\" content=\"index, follow, max-snippet:-1, max-image-preview:large, max-video-preview:-1\" \/>\n<link rel=\"canonical\" href=\"https:\/\/mdcbuhmann.ch\/en\/datenschutz\/\" \/>\n<meta property=\"og:locale\" content=\"en_US\" \/>\n<meta property=\"og:type\" content=\"article\" \/>\n<meta property=\"og:title\" content=\"Datenschutzerkl\u00e4rung - MDC Buhmann\" \/>\n<meta property=\"og:description\" content=\"Rechtsgrundlage und Grunds\u00e4tzliches Ziel dieser Datenschutzerkl\u00e4rung ist, die Nutzer dieser Website \u00fcber die Art, den Umfang und den Zweck der...\" \/>\n<meta property=\"og:url\" content=\"https:\/\/mdcbuhmann.ch\/en\/datenschutz\/\" \/>\n<meta property=\"og:site_name\" content=\"MDC Buhmann\" \/>\n<meta property=\"article:modified_time\" content=\"2023-10-11T19:59:14+00:00\" \/>\n<meta name=\"twitter:card\" content=\"summary_large_image\" \/>\n<meta name=\"twitter:label1\" content=\"Est. reading time\" \/>\n\t<meta name=\"twitter:data1\" content=\"6 minutes\" \/>\n<script type=\"application\/ld+json\" class=\"yoast-schema-graph\">{\"@context\":\"https:\/\/schema.org\",\"@graph\":[{\"@type\":\"WebPage\",\"@id\":\"https:\/\/mdcbuhmann.ch\/datenschutz\/\",\"url\":\"https:\/\/mdcbuhmann.ch\/datenschutz\/\",\"name\":\"Datenschutzerkl\u00e4rung - MDC Buhmann\",\"isPartOf\":{\"@id\":\"https:\/\/mdcbuhmann.ch\/#website\"},\"datePublished\":\"2022-09-13T13:27:32+00:00\",\"dateModified\":\"2023-10-11T19:59:14+00:00\",\"breadcrumb\":{\"@id\":\"https:\/\/mdcbuhmann.ch\/datenschutz\/#breadcrumb\"},\"inLanguage\":\"en-US\",\"potentialAction\":[{\"@type\":\"ReadAction\",\"target\":[\"https:\/\/mdcbuhmann.ch\/datenschutz\/\"]}]},{\"@type\":\"BreadcrumbList\",\"@id\":\"https:\/\/mdcbuhmann.ch\/datenschutz\/#breadcrumb\",\"itemListElement\":[{\"@type\":\"ListItem\",\"position\":1,\"name\":\"Home\",\"item\":\"https:\/\/mdcbuhmann.ch\/\"},{\"@type\":\"ListItem\",\"position\":2,\"name\":\"Datenschutzerkl\u00e4rung\"}]},{\"@type\":\"WebSite\",\"@id\":\"https:\/\/mdcbuhmann.ch\/#website\",\"url\":\"https:\/\/mdcbuhmann.ch\/\",\"name\":\"MDC Buhmann\",\"description\":\"Medical Device Consulting\",\"publisher\":{\"@id\":\"https:\/\/mdcbuhmann.ch\/#organization\"},\"potentialAction\":[{\"@type\":\"SearchAction\",\"target\":{\"@type\":\"EntryPoint\",\"urlTemplate\":\"https:\/\/mdcbuhmann.ch\/?s={search_term_string}\"},\"query-input\":\"required name=search_term_string\"}],\"inLanguage\":\"en-US\"},{\"@type\":\"Organization\",\"@id\":\"https:\/\/mdcbuhmann.ch\/#organization\",\"name\":\"MDC Buhmann\",\"url\":\"https:\/\/mdcbuhmann.ch\/\",\"logo\":{\"@type\":\"ImageObject\",\"inLanguage\":\"en-US\",\"@id\":\"https:\/\/mdcbuhmann.ch\/#\/schema\/logo\/image\/\",\"url\":\"https:\/\/mdcbuhmann.ch\/wp-content\/uploads\/2022\/09\/350x100-with-contour.png\",\"contentUrl\":\"https:\/\/mdcbuhmann.ch\/wp-content\/uploads\/2022\/09\/350x100-with-contour.png\",\"width\":894,\"height\":381,\"caption\":\"MDC Buhmann\"},\"image\":{\"@id\":\"https:\/\/mdcbuhmann.ch\/#\/schema\/logo\/image\/\"}}]}<\/script>\n<!-- \/ Yoast SEO plugin. -->","yoast_head_json":{"title":"Datenschutzerkl\u00e4rung - MDC Buhmann","robots":{"index":"index","follow":"follow","max-snippet":"max-snippet:-1","max-image-preview":"max-image-preview:large","max-video-preview":"max-video-preview:-1"},"canonical":"https:\/\/mdcbuhmann.ch\/en\/datenschutz\/","og_locale":"en_US","og_type":"article","og_title":"Datenschutzerkl\u00e4rung - MDC Buhmann","og_description":"Rechtsgrundlage und Grunds\u00e4tzliches Ziel dieser Datenschutzerkl\u00e4rung ist, die Nutzer dieser Website \u00fcber die Art, den Umfang und den Zweck der...","og_url":"https:\/\/mdcbuhmann.ch\/en\/datenschutz\/","og_site_name":"MDC Buhmann","article_modified_time":"2023-10-11T19:59:14+00:00","twitter_card":"summary_large_image","twitter_misc":{"Est. reading time":"6 minutes"},"schema":{"@context":"https:\/\/schema.org","@graph":[{"@type":"WebPage","@id":"https:\/\/mdcbuhmann.ch\/datenschutz\/","url":"https:\/\/mdcbuhmann.ch\/datenschutz\/","name":"Datenschutzerkl\u00e4rung - MDC Buhmann","isPartOf":{"@id":"https:\/\/mdcbuhmann.ch\/#website"},"datePublished":"2022-09-13T13:27:32+00:00","dateModified":"2023-10-11T19:59:14+00:00","breadcrumb":{"@id":"https:\/\/mdcbuhmann.ch\/datenschutz\/#breadcrumb"},"inLanguage":"en-US","potentialAction":[{"@type":"ReadAction","target":["https:\/\/mdcbuhmann.ch\/datenschutz\/"]}]},{"@type":"BreadcrumbList","@id":"https:\/\/mdcbuhmann.ch\/datenschutz\/#breadcrumb","itemListElement":[{"@type":"ListItem","position":1,"name":"Home","item":"https:\/\/mdcbuhmann.ch\/"},{"@type":"ListItem","position":2,"name":"Datenschutzerkl\u00e4rung"}]},{"@type":"WebSite","@id":"https:\/\/mdcbuhmann.ch\/#website","url":"https:\/\/mdcbuhmann.ch\/","name":"MDC Buhmann","description":"Medical Device Consulting","publisher":{"@id":"https:\/\/mdcbuhmann.ch\/#organization"},"potentialAction":[{"@type":"SearchAction","target":{"@type":"EntryPoint","urlTemplate":"https:\/\/mdcbuhmann.ch\/?s={search_term_string}"},"query-input":"required name=search_term_string"}],"inLanguage":"en-US"},{"@type":"Organization","@id":"https:\/\/mdcbuhmann.ch\/#organization","name":"MDC Buhmann","url":"https:\/\/mdcbuhmann.ch\/","logo":{"@type":"ImageObject","inLanguage":"en-US","@id":"https:\/\/mdcbuhmann.ch\/#\/schema\/logo\/image\/","url":"https:\/\/mdcbuhmann.ch\/wp-content\/uploads\/2022\/09\/350x100-with-contour.png","contentUrl":"https:\/\/mdcbuhmann.ch\/wp-content\/uploads\/2022\/09\/350x100-with-contour.png","width":894,"height":381,"caption":"MDC Buhmann"},"image":{"@id":"https:\/\/mdcbuhmann.ch\/#\/schema\/logo\/image\/"}}]}},"_links":{"self":[{"href":"https:\/\/mdcbuhmann.ch\/en\/wp-json\/wp\/v2\/pages\/1155"}],"collection":[{"href":"https:\/\/mdcbuhmann.ch\/en\/wp-json\/wp\/v2\/pages"}],"about":[{"href":"https:\/\/mdcbuhmann.ch\/en\/wp-json\/wp\/v2\/types\/page"}],"author":[{"embeddable":true,"href":"https:\/\/mdcbuhmann.ch\/en\/wp-json\/wp\/v2\/users\/1"}],"replies":[{"embeddable":true,"href":"https:\/\/mdcbuhmann.ch\/en\/wp-json\/wp\/v2\/comments?post=1155"}],"version-history":[{"count":73,"href":"https:\/\/mdcbuhmann.ch\/en\/wp-json\/wp\/v2\/pages\/1155\/revisions"}],"predecessor-version":[{"id":990199,"href":"https:\/\/mdcbuhmann.ch\/en\/wp-json\/wp\/v2\/pages\/1155\/revisions\/990199"}],"wp:attachment":[{"href":"https:\/\/mdcbuhmann.ch\/en\/wp-json\/wp\/v2\/media?parent=1155"}],"curies":[{"name":"wp","href":"https:\/\/api.w.org\/{rel}","templated":true}]}}